{"id":1269,"date":"2021-03-02T19:09:07","date_gmt":"2021-03-03T00:09:07","guid":{"rendered":"https:\/\/alivialabs.com\/?post_type=product&#038;p=1269"},"modified":"2023-07-20T11:16:52","modified_gmt":"2023-07-20T15:16:52","slug":"vitamin-c","status":"publish","type":"product","link":"https:\/\/alivialabs.com\/es\/product\/vitamin-c\/","title":{"rendered":"Vitamina C"},"content":{"rendered":"","protected":false},"excerpt":{"rendered":"<p>Nuestro <strong>vitamin c<\/strong> contiene poderosas propiedades antioxidantes que pueden ayudar a su cuerpo con lo siguiente; protege contra el da\u00f1o causado por los radicales libres, ayuda a mantener el sistema inmunol\u00f3gico y las articulaciones y arterias se curan y funcionan correctamente.<\/p>\n<p>Este suplemento apoya la funci\u00f3n cerebral saludable, la cognici\u00f3n, la salud cardiovascular, suprarrenal y card\u00edaca, la circulaci\u00f3n sangu\u00ednea, el estado de \u00e1nimo y la densidad \u00f3sea. Tambi\u00e9n puede ayudar a disminuir el dolor muscular y aumentar la absorci\u00f3n de calcio y hierro.<\/p>\n<p>La vitamina C protege los vasos sangu\u00edneos y refuerza las defensas del sistema inmunol\u00f3gico. Puede ayudar al cuerpo a combatir las infecciones. La vitamina C es importante para la piel, los huesos y el tejido conectivo. Promueve la curaci\u00f3n y ayuda al cuerpo a absorber el hierro.<\/p>\n<p>Nuestro suplemento ayuda a reparar el tejido de cualquier parte del cuerpo, formando col\u00e1geno (el tejido cicatricial) en el caso de heridas o corrigiendo el deterioro de huesos o dientes. Tambi\u00e9n puede ayudar a curar los resfriados comunes y estimular el sistema inmunol\u00f3gico.<\/p>\n<p>La vitamina C tambi\u00e9n mejora la absorci\u00f3n del hierro presente en los alimentos de origen vegetal y contribuye al buen funcionamiento del sistema inmunol\u00f3gico para proteger al organismo contra las enfermedades.<\/p>\n<h3>DATOS DEL SUPLEMENTO<\/h3>\n<p><strong>Tama\u00f1o de la porci\u00f3n:\u00a0<\/strong>2 c\u00e1psulas<\/p>\n<p><strong>Porciones por envase:\u00a0<\/strong>30<\/p>\n<p><strong>Cantidad por porci\u00f3n:<\/strong><\/p>\n<p>Vitamina C = 500 mg<\/p>\n<p>** Valor diario (DV) no establecido<\/p>\n<p><strong>Otros ingredientes:\u00a0<\/strong>Magnesio stearato, Silvia, tap\u00f3n de gelatina.<\/p>","protected":false},"featured_media":1118,"template":"","meta":{"_mi_skip_tracking":false},"product_brand":[],"product_cat":[73],"product_tag":[],"producto_tipo":[78],"class_list":{"0":"post-1269","1":"product","2":"type-product","3":"status-publish","4":"has-post-thumbnail","6":"product_cat-general-symptoms","7":"producto_tipo-products","9":"first","10":"instock","11":"shipping-taxable","12":"purchasable","13":"product-type-simple"},"bundled_by":["1659","1662"],"bundle_stock_status":"instock","bundle_stock_quantity":null,"bundle_virtual":false,"bundle_layout":"","bundle_add_to_cart_form_location":"","bundle_editable_in_cart":false,"bundle_sold_individually_context":"","bundle_item_grouping":"","bundle_min_size":"","bundle_max_size":"","bundle_price":[],"bundled_items":[],"bundle_sell_ids":[],"yoast_head":"<!-- This site is optimized with the Yoast SEO Premium plugin v21.1 (Yoast SEO v25.2) - https:\/\/yoast.com\/wordpress\/plugins\/seo\/ -->\n<title>Vitamin C - Alivialabs<\/title>\n<meta name=\"robots\" content=\"index, follow, max-snippet:-1, max-image-preview:large, max-video-preview:-1\" \/>\n<link rel=\"canonical\" href=\"https:\/\/alivialabs.com\/es\/producto\/vitamin-c\/\" \/>\n<meta property=\"og:locale\" content=\"es_ES\" \/>\n<meta property=\"og:type\" content=\"article\" \/>\n<meta property=\"og:title\" content=\"Vitamin C\" \/>\n<meta property=\"og:description\" content=\"Our vitamin c supplement contains powerful antioxidant properties that can help your body with the following: protect against damage caused by free radicals, help maintain the immune system, and help joints and arteries heal and function properly.  This supplement supports healthy brain function, cognition, cardiovascular, suprarenal and cardiac health, blood circulation, mood, and bone density. It can also help reduce muscle pain and increase calcium and iron absorption.  Vitamin c protects blood vessels and strengthens the immune system defenses. It can help the body fight infections. Vitamin c is important for skin, bones, and connective tissue. It promotes healing and helps the body absorb iron.  Our supplement helps repair tissue in any part of the body, forming collagen (scar tissue) in the case of wounds or correcting bone or tooth decay. It can also help heal common colds and boost the immune system.  Vitamin c also enhances the absorption of iron present in plant-based foods and contributes to the proper functioning of the immune system to protect the body against diseases. Supplement Facts Serving Size:\u00a02 Capsules  Servings Per Container:\u00a030  Amount Per Serving:  Vitamin C = 500 mg  ** Daily Value (DV) not established.  Other ingredients:\u00a0Magnesio stearato, Silvia, gelatin cap.\" \/>\n<meta property=\"og:url\" content=\"https:\/\/alivialabs.com\/es\/producto\/vitamin-c\/\" \/>\n<meta property=\"og:site_name\" content=\"Alivialabs\" \/>\n<meta property=\"article:modified_time\" content=\"2023-07-20T15:16:52+00:00\" \/>\n<meta property=\"og:image\" content=\"https:\/\/alivialabs.com\/wp-content\/uploads\/2021\/03\/vitaminc.png\" \/>\n\t<meta property=\"og:image:width\" content=\"600\" \/>\n\t<meta property=\"og:image:height\" content=\"600\" \/>\n\t<meta property=\"og:image:type\" content=\"image\/png\" \/>\n<meta name=\"twitter:card\" content=\"summary_large_image\" \/>\n<script type=\"application\/ld+json\" class=\"yoast-schema-graph\">{\"@context\":\"https:\/\/schema.org\",\"@graph\":[{\"@type\":\"WebPage\",\"@id\":\"https:\/\/alivialabs.com\/product\/vitamin-c\/\",\"url\":\"https:\/\/alivialabs.com\/product\/vitamin-c\/\",\"name\":\"Vitamin C - Alivialabs\",\"isPartOf\":{\"@id\":\"https:\/\/alivialabs.com\/es\/#website\"},\"primaryImageOfPage\":{\"@id\":\"https:\/\/alivialabs.com\/product\/vitamin-c\/#primaryimage\"},\"image\":{\"@id\":\"https:\/\/alivialabs.com\/product\/vitamin-c\/#primaryimage\"},\"thumbnailUrl\":\"https:\/\/alivialabs.com\/wp-content\/uploads\/2021\/03\/vitaminc.png\",\"datePublished\":\"2021-03-03T00:09:07+00:00\",\"dateModified\":\"2023-07-20T15:16:52+00:00\",\"breadcrumb\":{\"@id\":\"https:\/\/alivialabs.com\/product\/vitamin-c\/#breadcrumb\"},\"inLanguage\":\"es\",\"potentialAction\":[{\"@type\":\"ReadAction\",\"target\":[\"https:\/\/alivialabs.com\/product\/vitamin-c\/\"]}]},{\"@type\":\"ImageObject\",\"inLanguage\":\"es\",\"@id\":\"https:\/\/alivialabs.com\/product\/vitamin-c\/#primaryimage\",\"url\":\"https:\/\/alivialabs.com\/wp-content\/uploads\/2021\/03\/vitaminc.png\",\"contentUrl\":\"https:\/\/alivialabs.com\/wp-content\/uploads\/2021\/03\/vitaminc.png\",\"width\":600,\"height\":600},{\"@type\":\"BreadcrumbList\",\"@id\":\"https:\/\/alivialabs.com\/product\/vitamin-c\/#breadcrumb\",\"itemListElement\":[{\"@type\":\"ListItem\",\"position\":1,\"name\":\"Home\",\"item\":\"https:\/\/alivialabs.com\/\"},{\"@type\":\"ListItem\",\"position\":2,\"name\":\"Shop\",\"item\":\"https:\/\/alivialabs.com\/es\/shop\/\"},{\"@type\":\"ListItem\",\"position\":3,\"name\":\"Vitamin C\"}]},{\"@type\":\"WebSite\",\"@id\":\"https:\/\/alivialabs.com\/es\/#website\",\"url\":\"https:\/\/alivialabs.com\/es\/\",\"name\":\"Alivialabs\",\"description\":\"Productos naturales que te pueden ayudar a estar en salud, como tambi\u00e9n reforzarla para siempre tener la energ\u00eda y salud necesaria. Alivialabs, alivia tu mundo.\",\"potentialAction\":[{\"@type\":\"SearchAction\",\"target\":{\"@type\":\"EntryPoint\",\"urlTemplate\":\"https:\/\/alivialabs.com\/es\/?s={search_term_string}\"},\"query-input\":{\"@type\":\"PropertyValueSpecification\",\"valueRequired\":true,\"valueName\":\"search_term_string\"}}],\"inLanguage\":\"es\"}]}<\/script>\n<!-- \/ Yoast SEO Premium plugin. -->","yoast_head_json":{"title":"Vitamin C - Alivialabs","robots":{"index":"index","follow":"follow","max-snippet":"max-snippet:-1","max-image-preview":"max-image-preview:large","max-video-preview":"max-video-preview:-1"},"canonical":"https:\/\/alivialabs.com\/es\/producto\/vitamin-c\/","og_locale":"es_ES","og_type":"article","og_title":"Vitamin C","og_description":"Our vitamin c supplement contains powerful antioxidant properties that can help your body with the following: protect against damage caused by free radicals, help maintain the immune system, and help joints and arteries heal and function properly.  This supplement supports healthy brain function, cognition, cardiovascular, suprarenal and cardiac health, blood circulation, mood, and bone density. It can also help reduce muscle pain and increase calcium and iron absorption.  Vitamin c protects blood vessels and strengthens the immune system defenses. It can help the body fight infections. Vitamin c is important for skin, bones, and connective tissue. It promotes healing and helps the body absorb iron.  Our supplement helps repair tissue in any part of the body, forming collagen (scar tissue) in the case of wounds or correcting bone or tooth decay. It can also help heal common colds and boost the immune system.  Vitamin c also enhances the absorption of iron present in plant-based foods and contributes to the proper functioning of the immune system to protect the body against diseases. Supplement Facts Serving Size:\u00a02 Capsules  Servings Per Container:\u00a030  Amount Per Serving:  Vitamin C = 500 mg  ** Daily Value (DV) not established.  Other ingredients:\u00a0Magnesio stearato, Silvia, gelatin cap.","og_url":"https:\/\/alivialabs.com\/es\/producto\/vitamin-c\/","og_site_name":"Alivialabs","article_modified_time":"2023-07-20T15:16:52+00:00","og_image":[{"width":600,"height":600,"url":"https:\/\/alivialabs.com\/wp-content\/uploads\/2021\/03\/vitaminc.png","type":"image\/png"}],"twitter_card":"summary_large_image","schema":{"@context":"https:\/\/schema.org","@graph":[{"@type":"WebPage","@id":"https:\/\/alivialabs.com\/product\/vitamin-c\/","url":"https:\/\/alivialabs.com\/product\/vitamin-c\/","name":"Vitamin C - Alivialabs","isPartOf":{"@id":"https:\/\/alivialabs.com\/es\/#website"},"primaryImageOfPage":{"@id":"https:\/\/alivialabs.com\/product\/vitamin-c\/#primaryimage"},"image":{"@id":"https:\/\/alivialabs.com\/product\/vitamin-c\/#primaryimage"},"thumbnailUrl":"https:\/\/alivialabs.com\/wp-content\/uploads\/2021\/03\/vitaminc.png","datePublished":"2021-03-03T00:09:07+00:00","dateModified":"2023-07-20T15:16:52+00:00","breadcrumb":{"@id":"https:\/\/alivialabs.com\/product\/vitamin-c\/#breadcrumb"},"inLanguage":"es","potentialAction":[{"@type":"ReadAction","target":["https:\/\/alivialabs.com\/product\/vitamin-c\/"]}]},{"@type":"ImageObject","inLanguage":"es","@id":"https:\/\/alivialabs.com\/product\/vitamin-c\/#primaryimage","url":"https:\/\/alivialabs.com\/wp-content\/uploads\/2021\/03\/vitaminc.png","contentUrl":"https:\/\/alivialabs.com\/wp-content\/uploads\/2021\/03\/vitaminc.png","width":600,"height":600},{"@type":"BreadcrumbList","@id":"https:\/\/alivialabs.com\/product\/vitamin-c\/#breadcrumb","itemListElement":[{"@type":"ListItem","position":1,"name":"Home","item":"https:\/\/alivialabs.com\/"},{"@type":"ListItem","position":2,"name":"Shop","item":"https:\/\/alivialabs.com\/es\/shop\/"},{"@type":"ListItem","position":3,"name":"Vitamin C"}]},{"@type":"WebSite","@id":"https:\/\/alivialabs.com\/es\/#website","url":"https:\/\/alivialabs.com\/es\/","name":"Alivialabs","description":"Productos naturales que te pueden ayudar a estar en salud, como tambi\u00e9n reforzarla para siempre tener la energ\u00eda y salud necesaria. Alivialabs, alivia tu mundo.","potentialAction":[{"@type":"SearchAction","target":{"@type":"EntryPoint","urlTemplate":"https:\/\/alivialabs.com\/es\/?s={search_term_string}"},"query-input":{"@type":"PropertyValueSpecification","valueRequired":true,"valueName":"search_term_string"}}],"inLanguage":"es"}]}},"_links":{"self":[{"href":"https:\/\/alivialabs.com\/es\/wp-json\/wp\/v2\/product\/1269","targetHints":{"allow":["GET"]}}],"collection":[{"href":"https:\/\/alivialabs.com\/es\/wp-json\/wp\/v2\/product"}],"about":[{"href":"https:\/\/alivialabs.com\/es\/wp-json\/wp\/v2\/types\/product"}],"wp:featuredmedia":[{"embeddable":true,"href":"https:\/\/alivialabs.com\/es\/wp-json\/wp\/v2\/media\/1118"}],"wp:attachment":[{"href":"https:\/\/alivialabs.com\/es\/wp-json\/wp\/v2\/media?parent=1269"}],"wp:term":[{"taxonomy":"product_brand","embeddable":true,"href":"https:\/\/alivialabs.com\/es\/wp-json\/wp\/v2\/product_brand?post=1269"},{"taxonomy":"product_cat","embeddable":true,"href":"https:\/\/alivialabs.com\/es\/wp-json\/wp\/v2\/product_cat?post=1269"},{"taxonomy":"product_tag","embeddable":true,"href":"https:\/\/alivialabs.com\/es\/wp-json\/wp\/v2\/product_tag?post=1269"},{"taxonomy":"producto_tipo","embeddable":true,"href":"https:\/\/alivialabs.com\/es\/wp-json\/wp\/v2\/producto_tipo?post=1269"}],"curies":[{"name":"wp","href":"https:\/\/api.w.org\/{rel}","templated":true}]}}