{"id":1513,"date":"2021-03-05T15:56:28","date_gmt":"2021-03-05T20:56:28","guid":{"rendered":"https:\/\/alivialabs.com\/?post_type=product&#038;p=1513"},"modified":"2023-08-09T11:09:58","modified_gmt":"2023-08-09T15:09:58","slug":"bee-miracle-plus","status":"publish","type":"product","link":"https:\/\/alivialabs.com\/es\/product\/bee-miracle-plus\/","title":{"rendered":"Bee Miracle Plus"},"content":{"rendered":"","protected":false},"excerpt":{"rendered":"<p><strong>&#8220;Bee Miracle <\/strong> es el tratamiento a base de veneno de abeja # 1. Nuestra f\u00f3rmula persigue y ataca esos dolores e inflamaciones que ocurren en el cuerpo con el tiempo. Nuestro suplemento es f\u00e1cil de consumir, puede estimular el sistema inmunol\u00f3gico y el sistema nervioso.<\/p>\n<p>Nuestra f\u00f3rmula puede actuar como un tratamiento \"todo en uno\" ya que est\u00e1 indicada para ayudar en artritis reumatoide, psoriasis, dolores musculares y \/ o articulares, bursitis, tendinitis, esguinces, artrosis, gota, dolor de cuello, mala circulaci\u00f3n y en general problemas causados \u200b\u200bpor alg\u00fan tipo de trauma f\u00edsico.<\/p>\n<p>Bee Miracle es un suplemento a base de veneno de abeja, conocido m\u00e9dicamente como apitoxina, una f\u00f3rmula que apoya la salud y la movilidad de las articulaciones. Las m\u00faltiples sustancias que contienen el veneno de abeja, como melitina, fosfolipasa o apamina, pueden utilizar para tratar enfermedades musculares, circulatorias o cut\u00e1neas.<\/p>\n<h3>DATOS DEL SUPLEMENTO<\/h3>\n<p><strong>Tama\u00f1o de la porci\u00f3n:<\/strong>\u00a02 c\u00e1psulas<\/p>\n<p><strong>Porciones por envase:\u00a0<\/strong>30<\/p>\n<p><strong>Cantidad por porci\u00f3n:<\/strong><\/p>\n<p>Sulfato de glucosamina = 500 mg<\/p>\n<p>Sulfato de condroitina s\u00f3dico = 400 mg<\/p>\n<p>MSM (metilsulfonilmetano) = 200 mg<\/p>\n<p>Extracto de Boswellia Serrata (Boswellia Serrate) (Resina de goma) = 150 mg<\/p>\n<p>Extracto de ra\u00edz de c\u00farcuma (Curcuma Longa) = 100 mg<\/p>\n<p>Polvo de miel de manuka = \u200b\u200b100 mg<\/p>\n<p>Extracto de pimienta negra BioPerineTM (Piper Nigrum) (fruta) = 5 mg<\/p>\n<p>Polvo de veneno de abeja = 0,2 mg<\/p>\n<p><strong>Otro (s) ingrediente (s):\u00a0<\/strong>fosfato dic\u00e1lcico, estearato de magnesio, di\u00f3xido de silicio y celulosa vegetal.<\/p>\n<p>** Valor diario (DV) no establecido. BioPerineTM es una marca registrada de Sabinsa Corportation.<\/p>\n<p><strong>Uso sugerido:<\/strong>\u00a0Como suplemento diet\u00e9tico, los adultos toman dos (2) c\u00e1psulas al d\u00eda con agua.<\/p>\n<p><strong>MANTENER FUERA DEL ALCANCE DE LOS NI\u00d1OS. Cons\u00e9rvese en un lugar fresco y seco, no refrigerado.<\/strong><\/p>","protected":false},"featured_media":4613,"template":"","meta":{"_mi_skip_tracking":false},"product_brand":[],"product_cat":[69],"product_tag":[],"producto_tipo":[78],"class_list":{"0":"post-1513","1":"product","2":"type-product","3":"status-publish","4":"has-post-thumbnail","6":"product_cat-joints","7":"producto_tipo-products","9":"first","10":"instock","11":"shipping-taxable","12":"purchasable","13":"product-type-simple"},"bundled_by":["1610","1620"],"bundle_stock_status":"instock","bundle_stock_quantity":null,"bundle_virtual":false,"bundle_layout":"","bundle_add_to_cart_form_location":"","bundle_editable_in_cart":false,"bundle_sold_individually_context":"","bundle_item_grouping":"","bundle_min_size":"","bundle_max_size":"","bundle_price":[],"bundled_items":[],"bundle_sell_ids":[],"yoast_head":"<!-- This site is optimized with the Yoast SEO Premium plugin v21.1 (Yoast SEO v25.2) - https:\/\/yoast.com\/wordpress\/plugins\/seo\/ -->\n<title>Bee Miracle Plus - Alivialabs<\/title>\n<meta name=\"robots\" content=\"index, follow, max-snippet:-1, max-image-preview:large, max-video-preview:-1\" \/>\n<link rel=\"canonical\" href=\"https:\/\/alivialabs.com\/es\/producto\/bee-miracle-plus\/\" \/>\n<meta property=\"og:locale\" content=\"es_ES\" \/>\n<meta property=\"og:type\" content=\"article\" \/>\n<meta property=\"og:title\" content=\"Bee Miracle Plus\" \/>\n<meta property=\"og:description\" content=\"&quot;Bee Miracle is the #1 bee venom-based treatment. Our formula targets and attacks the pains and inflammations that occur in the body over time. Our supplement is easy to consume, can stimulate the immune and nervous systems.  Our formula can act as an &quot;all-in-one&quot; treatment as it is indicated to help with rheumatoid arthritis, psoriasis, muscle and\/or joint pain, bursitis, tendinitis, sprains, osteoarthritis, gout, neck pain, poor circulation, and generally problems caused by some type of physical trauma.  Bee Miracle is a bee venom-based supplement, medically known as apitoxin, a powerful formula that supports joint health and mobility. The multiple substances contained in bee venom, such as melittin, phospholipase, or apamin, can be used to treat muscular, circulatory, or cutaneous diseases.&quot; Supplement Facts Serving size:\u00a02 Capsules  Servings per Container:\u00a030  Amount Per Serving:  Glucosamine Sulfate = 500 mg  Chonodroitin Sulfate Sodium = 400 mg  MSM (Methylsulfonylmethane) = 200 mg  Boswellia Serrata Extract (Boswellia Serrate) (Gum Resin) = 150 mg  Turmeric Root Extract (Curcuma Longa) = 100 mg  Manuka Honey Powder = 100 mg  BioPerineTM Black Pepper Extract (Piper Nigrum) (fruit) = 5 mg  Bee Venom Powder = 0.2 mg  Other ingredient(s):\u00a0Dicalcium Phosphate, Magnesium Stearate, Silicon Dioxide and Vegetable Cellulose.  ** Daily Value (DV) not established. BioPerineTM is a registered trademark of Sabinsa Corportation.  Suggested use:\u00a0As a dietary supplement, adults take two (2) capsules daily with water.  KEEP OUT OF REACH OF CHILDREN. Keep in a cool dry place, not refrigerated.\" \/>\n<meta property=\"og:url\" content=\"https:\/\/alivialabs.com\/es\/producto\/bee-miracle-plus\/\" \/>\n<meta property=\"og:site_name\" content=\"Alivialabs\" \/>\n<meta property=\"article:modified_time\" content=\"2023-08-09T15:09:58+00:00\" \/>\n<meta property=\"og:image\" content=\"https:\/\/alivialabs.com\/wp-content\/uploads\/2021\/03\/My-project.png\" \/>\n\t<meta property=\"og:image:width\" content=\"1080\" \/>\n\t<meta property=\"og:image:height\" content=\"1080\" \/>\n\t<meta property=\"og:image:type\" content=\"image\/png\" \/>\n<meta name=\"twitter:card\" content=\"summary_large_image\" \/>\n<script type=\"application\/ld+json\" class=\"yoast-schema-graph\">{\"@context\":\"https:\/\/schema.org\",\"@graph\":[{\"@type\":\"WebPage\",\"@id\":\"https:\/\/alivialabs.com\/product\/bee-miracle-plus\/\",\"url\":\"https:\/\/alivialabs.com\/product\/bee-miracle-plus\/\",\"name\":\"Bee Miracle Plus - Alivialabs\",\"isPartOf\":{\"@id\":\"https:\/\/alivialabs.com\/es\/#website\"},\"primaryImageOfPage\":{\"@id\":\"https:\/\/alivialabs.com\/product\/bee-miracle-plus\/#primaryimage\"},\"image\":{\"@id\":\"https:\/\/alivialabs.com\/product\/bee-miracle-plus\/#primaryimage\"},\"thumbnailUrl\":\"https:\/\/alivialabs.com\/wp-content\/uploads\/2021\/03\/My-project.png\",\"datePublished\":\"2021-03-05T20:56:28+00:00\",\"dateModified\":\"2023-08-09T15:09:58+00:00\",\"breadcrumb\":{\"@id\":\"https:\/\/alivialabs.com\/product\/bee-miracle-plus\/#breadcrumb\"},\"inLanguage\":\"es\",\"potentialAction\":[{\"@type\":\"ReadAction\",\"target\":[\"https:\/\/alivialabs.com\/product\/bee-miracle-plus\/\"]}]},{\"@type\":\"ImageObject\",\"inLanguage\":\"es\",\"@id\":\"https:\/\/alivialabs.com\/product\/bee-miracle-plus\/#primaryimage\",\"url\":\"https:\/\/alivialabs.com\/wp-content\/uploads\/2021\/03\/My-project.png\",\"contentUrl\":\"https:\/\/alivialabs.com\/wp-content\/uploads\/2021\/03\/My-project.png\",\"width\":1080,\"height\":1080},{\"@type\":\"BreadcrumbList\",\"@id\":\"https:\/\/alivialabs.com\/product\/bee-miracle-plus\/#breadcrumb\",\"itemListElement\":[{\"@type\":\"ListItem\",\"position\":1,\"name\":\"Home\",\"item\":\"https:\/\/alivialabs.com\/\"},{\"@type\":\"ListItem\",\"position\":2,\"name\":\"Shop\",\"item\":\"https:\/\/alivialabs.com\/es\/shop\/\"},{\"@type\":\"ListItem\",\"position\":3,\"name\":\"Bee Miracle Plus\"}]},{\"@type\":\"WebSite\",\"@id\":\"https:\/\/alivialabs.com\/es\/#website\",\"url\":\"https:\/\/alivialabs.com\/es\/\",\"name\":\"Alivialabs\",\"description\":\"Productos naturales que te pueden ayudar a estar en salud, como tambi\u00e9n reforzarla para siempre tener la energ\u00eda y salud necesaria. Alivialabs, alivia tu mundo.\",\"potentialAction\":[{\"@type\":\"SearchAction\",\"target\":{\"@type\":\"EntryPoint\",\"urlTemplate\":\"https:\/\/alivialabs.com\/es\/?s={search_term_string}\"},\"query-input\":{\"@type\":\"PropertyValueSpecification\",\"valueRequired\":true,\"valueName\":\"search_term_string\"}}],\"inLanguage\":\"es\"}]}<\/script>\n<!-- \/ Yoast SEO Premium plugin. -->","yoast_head_json":{"title":"Bee Miracle Plus - Alivialabs","robots":{"index":"index","follow":"follow","max-snippet":"max-snippet:-1","max-image-preview":"max-image-preview:large","max-video-preview":"max-video-preview:-1"},"canonical":"https:\/\/alivialabs.com\/es\/producto\/bee-miracle-plus\/","og_locale":"es_ES","og_type":"article","og_title":"Bee Miracle Plus","og_description":"\"Bee Miracle is the #1 bee venom-based treatment. Our formula targets and attacks the pains and inflammations that occur in the body over time. Our supplement is easy to consume, can stimulate the immune and nervous systems.  Our formula can act as an \"all-in-one\" treatment as it is indicated to help with rheumatoid arthritis, psoriasis, muscle and\/or joint pain, bursitis, tendinitis, sprains, osteoarthritis, gout, neck pain, poor circulation, and generally problems caused by some type of physical trauma.  Bee Miracle is a bee venom-based supplement, medically known as apitoxin, a powerful formula that supports joint health and mobility. The multiple substances contained in bee venom, such as melittin, phospholipase, or apamin, can be used to treat muscular, circulatory, or cutaneous diseases.\" Supplement Facts Serving size:\u00a02 Capsules  Servings per Container:\u00a030  Amount Per Serving:  Glucosamine Sulfate = 500 mg  Chonodroitin Sulfate Sodium = 400 mg  MSM (Methylsulfonylmethane) = 200 mg  Boswellia Serrata Extract (Boswellia Serrate) (Gum Resin) = 150 mg  Turmeric Root Extract (Curcuma Longa) = 100 mg  Manuka Honey Powder = 100 mg  BioPerineTM Black Pepper Extract (Piper Nigrum) (fruit) = 5 mg  Bee Venom Powder = 0.2 mg  Other ingredient(s):\u00a0Dicalcium Phosphate, Magnesium Stearate, Silicon Dioxide and Vegetable Cellulose.  ** Daily Value (DV) not established. BioPerineTM is a registered trademark of Sabinsa Corportation.  Suggested use:\u00a0As a dietary supplement, adults take two (2) capsules daily with water.  KEEP OUT OF REACH OF CHILDREN. Keep in a cool dry place, not refrigerated.","og_url":"https:\/\/alivialabs.com\/es\/producto\/bee-miracle-plus\/","og_site_name":"Alivialabs","article_modified_time":"2023-08-09T15:09:58+00:00","og_image":[{"width":1080,"height":1080,"url":"https:\/\/alivialabs.com\/wp-content\/uploads\/2021\/03\/My-project.png","type":"image\/png"}],"twitter_card":"summary_large_image","schema":{"@context":"https:\/\/schema.org","@graph":[{"@type":"WebPage","@id":"https:\/\/alivialabs.com\/product\/bee-miracle-plus\/","url":"https:\/\/alivialabs.com\/product\/bee-miracle-plus\/","name":"Bee Miracle Plus - Alivialabs","isPartOf":{"@id":"https:\/\/alivialabs.com\/es\/#website"},"primaryImageOfPage":{"@id":"https:\/\/alivialabs.com\/product\/bee-miracle-plus\/#primaryimage"},"image":{"@id":"https:\/\/alivialabs.com\/product\/bee-miracle-plus\/#primaryimage"},"thumbnailUrl":"https:\/\/alivialabs.com\/wp-content\/uploads\/2021\/03\/My-project.png","datePublished":"2021-03-05T20:56:28+00:00","dateModified":"2023-08-09T15:09:58+00:00","breadcrumb":{"@id":"https:\/\/alivialabs.com\/product\/bee-miracle-plus\/#breadcrumb"},"inLanguage":"es","potentialAction":[{"@type":"ReadAction","target":["https:\/\/alivialabs.com\/product\/bee-miracle-plus\/"]}]},{"@type":"ImageObject","inLanguage":"es","@id":"https:\/\/alivialabs.com\/product\/bee-miracle-plus\/#primaryimage","url":"https:\/\/alivialabs.com\/wp-content\/uploads\/2021\/03\/My-project.png","contentUrl":"https:\/\/alivialabs.com\/wp-content\/uploads\/2021\/03\/My-project.png","width":1080,"height":1080},{"@type":"BreadcrumbList","@id":"https:\/\/alivialabs.com\/product\/bee-miracle-plus\/#breadcrumb","itemListElement":[{"@type":"ListItem","position":1,"name":"Home","item":"https:\/\/alivialabs.com\/"},{"@type":"ListItem","position":2,"name":"Shop","item":"https:\/\/alivialabs.com\/es\/shop\/"},{"@type":"ListItem","position":3,"name":"Bee Miracle Plus"}]},{"@type":"WebSite","@id":"https:\/\/alivialabs.com\/es\/#website","url":"https:\/\/alivialabs.com\/es\/","name":"Alivialabs","description":"Productos naturales que te pueden ayudar a estar en salud, como tambi\u00e9n reforzarla para siempre tener la energ\u00eda y salud necesaria. Alivialabs, alivia tu mundo.","potentialAction":[{"@type":"SearchAction","target":{"@type":"EntryPoint","urlTemplate":"https:\/\/alivialabs.com\/es\/?s={search_term_string}"},"query-input":{"@type":"PropertyValueSpecification","valueRequired":true,"valueName":"search_term_string"}}],"inLanguage":"es"}]}},"_links":{"self":[{"href":"https:\/\/alivialabs.com\/es\/wp-json\/wp\/v2\/product\/1513","targetHints":{"allow":["GET"]}}],"collection":[{"href":"https:\/\/alivialabs.com\/es\/wp-json\/wp\/v2\/product"}],"about":[{"href":"https:\/\/alivialabs.com\/es\/wp-json\/wp\/v2\/types\/product"}],"wp:featuredmedia":[{"embeddable":true,"href":"https:\/\/alivialabs.com\/es\/wp-json\/wp\/v2\/media\/4613"}],"wp:attachment":[{"href":"https:\/\/alivialabs.com\/es\/wp-json\/wp\/v2\/media?parent=1513"}],"wp:term":[{"taxonomy":"product_brand","embeddable":true,"href":"https:\/\/alivialabs.com\/es\/wp-json\/wp\/v2\/product_brand?post=1513"},{"taxonomy":"product_cat","embeddable":true,"href":"https:\/\/alivialabs.com\/es\/wp-json\/wp\/v2\/product_cat?post=1513"},{"taxonomy":"product_tag","embeddable":true,"href":"https:\/\/alivialabs.com\/es\/wp-json\/wp\/v2\/product_tag?post=1513"},{"taxonomy":"producto_tipo","embeddable":true,"href":"https:\/\/alivialabs.com\/es\/wp-json\/wp\/v2\/producto_tipo?post=1513"}],"curies":[{"name":"wp","href":"https:\/\/api.w.org\/{rel}","templated":true}]}}