{"id":1554,"date":"2021-03-05T18:41:23","date_gmt":"2021-03-05T23:41:23","guid":{"rendered":"https:\/\/alivialabs.com\/?post_type=product&#038;p=1554"},"modified":"2023-08-08T11:29:08","modified_gmt":"2023-08-08T15:29:08","slug":"mega-biotics-50","status":"publish","type":"product","link":"https:\/\/alivialabs.com\/es\/product\/mega-biotics-50\/","title":{"rendered":"Mega Biotics 50"},"content":{"rendered":"","protected":false},"excerpt":{"rendered":"<p>F\u00f3rmula de acci\u00f3n \u00fanica dise\u00f1ada para brindarle a usted y a su familia una salud digestiva, inmunol\u00f3gica y general \u00f3ptima. Nuestro producto Mega Biotics lo ayuda con una mejor funci\u00f3n digestiva y puede proporcionarle los probi\u00f3ticos que su cuerpo necesita.<\/p>\n<p><strong>Mega Biotics<\/strong> es una mezcla de bacterias probi\u00f3ticas que contiene Lactobacillus acidophilus, Bifidobacterium Lactis, Lactobacillus Plantarum, Lactobacillus Paracasei. Nuestro suplemento est\u00e1 dise\u00f1ado para proporcionar una alta potencia y equilibrio de bacterias beneficiosas. Tomar este producto con regularidad puede ayudar a mantener una flora intestinal saludable.<\/p>\n<h3>DATOS DEL SUPLEMENTO<\/h3>\n<p><strong>Tama\u00f1o de la porci\u00f3n:\u00a0<\/strong>2 c\u00e1psulas<\/p>\n<p><strong>Porciones por envase:\u00a0<\/strong>30<\/p>\n<p><strong>Cantidad por porci\u00f3n:<\/strong><\/p>\n<p>-Mezcla patentada de bacterias probi\u00f3ticas: MAKTREK (tecnolog\u00eda Bi-Pass) = 40 mil millones de UFC<\/p>\n<p>-Lactobacillus acidophilus (La-14)<\/p>\n<p>-Bifidobacterium lactis (BI-04)<\/p>\n<p>-Lactobacillus plantarum (Lp-115)<\/p>\n<p>-Lactobacillus paracasei (Lpc-37)<\/p>\n<p>-Complejo de polisac\u00e1ridos marinos<\/p>\n<p>-Fructooligosac\u00e1rido<\/p>\n<p>** Valor diario (DV) no establecido<\/p>\n<p><strong>Otros ingredientes:\u00a0<\/strong>celulosa (c\u00e1psula vegetal), maltodextrina de arroz, L-leucina.<\/p>\n<p><strong>Uso sugerido:\u00a0<\/strong>Como suplemento diet\u00e9tico, tomar dos (2) c\u00e1psulas al d\u00eda con agua.<\/p>\n<p><strong>MANTENER FUERA DEL ALCANCE DE LOS NI\u00d1OS. Mantener en lugar fresco y seco, no refrigerado.<\/strong><\/p>","protected":false},"featured_media":4592,"template":"","meta":{"_mi_skip_tracking":false},"product_brand":[],"product_cat":[71],"product_tag":[],"producto_tipo":[78],"class_list":{"0":"post-1554","1":"product","2":"type-product","3":"status-publish","4":"has-post-thumbnail","6":"product_cat-weight-control","7":"producto_tipo-products","9":"first","10":"instock","11":"shipping-taxable","12":"purchasable","13":"product-type-simple"},"bundled_by":["1510","1664"],"bundle_stock_status":"instock","bundle_stock_quantity":null,"bundle_virtual":false,"bundle_layout":"","bundle_add_to_cart_form_location":"","bundle_editable_in_cart":false,"bundle_sold_individually_context":"","bundle_item_grouping":"","bundle_min_size":"","bundle_max_size":"","bundle_price":[],"bundled_items":[],"bundle_sell_ids":[],"yoast_head":"<!-- This site is optimized with the Yoast SEO Premium plugin v21.1 (Yoast SEO v25.2) - https:\/\/yoast.com\/wordpress\/plugins\/seo\/ -->\n<title>Mega Biotics 50 - Alivialabs<\/title>\n<meta name=\"robots\" content=\"index, follow, max-snippet:-1, max-image-preview:large, max-video-preview:-1\" \/>\n<link rel=\"canonical\" href=\"https:\/\/alivialabs.com\/es\/producto\/mega-biotics-50\/\" \/>\n<meta property=\"og:locale\" content=\"es_ES\" \/>\n<meta property=\"og:type\" content=\"article\" \/>\n<meta property=\"og:title\" content=\"Mega Biotics 50\" \/>\n<meta property=\"og:description\" content=\"Unique action formula designed to provide you and your family with optimal digestive, immune, and overall health. Our product Mega Biotics helps you with better digestive function and can provide you with the probiotics your body needs.  Mega Biotics is a blend of probiotic bacteria containing Lactobacillus acidophilus, Bifidobacterium Lactis, Lactobacillus Plantarum, Lactobacillus Paracasei. Our supplement is designed to provide a high potency and balance of beneficial bacteria. Taking this product regularly can help maintain a healthy intestinal flora.&quot; Supplement Facts Serving Size:\u00a02 Capsules  Servings Per Container:\u00a030  Amount Per Serving:  -Proprietary Blend of Probiotic Bacteria: MAKTREK (Bi-Pass Technology) = 40 billion CFU  -Lactobacillus acidophilus (La-14)  -Bifidobacterium lactis (BI-04)  -Lactobacillus plantarum (Lp-115)  -Lactobacillus paracasei (Lpc-37)  -Marine Polysaccharide Complex  -Fructooligosaccharide  ** Daily Value (DV) not established  Other Ingredients:\u00a0cellulose (Vegetable Capsule), Rice maltodextrin, L-Leucine.  Suggested use:\u00a0As a dietary supplement, take two (2) capsules daily with water.  KEEP OUT OF REACH OF CHILDREN. Keep in cool dry place, not refrigerated.\" \/>\n<meta property=\"og:url\" content=\"https:\/\/alivialabs.com\/es\/producto\/mega-biotics-50\/\" \/>\n<meta property=\"og:site_name\" content=\"Alivialabs\" \/>\n<meta property=\"article:modified_time\" content=\"2023-08-08T15:29:08+00:00\" \/>\n<meta property=\"og:image\" content=\"https:\/\/alivialabs.com\/wp-content\/uploads\/2021\/03\/MegaBiotics-50-png.png\" \/>\n\t<meta property=\"og:image:width\" content=\"1080\" \/>\n\t<meta property=\"og:image:height\" content=\"1080\" \/>\n\t<meta property=\"og:image:type\" content=\"image\/png\" \/>\n<meta name=\"twitter:card\" content=\"summary_large_image\" \/>\n<script type=\"application\/ld+json\" class=\"yoast-schema-graph\">{\"@context\":\"https:\/\/schema.org\",\"@graph\":[{\"@type\":\"WebPage\",\"@id\":\"https:\/\/alivialabs.com\/product\/mega-biotics-50\/\",\"url\":\"https:\/\/alivialabs.com\/product\/mega-biotics-50\/\",\"name\":\"Mega Biotics 50 - Alivialabs\",\"isPartOf\":{\"@id\":\"https:\/\/alivialabs.com\/es\/#website\"},\"primaryImageOfPage\":{\"@id\":\"https:\/\/alivialabs.com\/product\/mega-biotics-50\/#primaryimage\"},\"image\":{\"@id\":\"https:\/\/alivialabs.com\/product\/mega-biotics-50\/#primaryimage\"},\"thumbnailUrl\":\"https:\/\/alivialabs.com\/wp-content\/uploads\/2021\/03\/MegaBiotics-50-png.png\",\"datePublished\":\"2021-03-05T23:41:23+00:00\",\"dateModified\":\"2023-08-08T15:29:08+00:00\",\"breadcrumb\":{\"@id\":\"https:\/\/alivialabs.com\/product\/mega-biotics-50\/#breadcrumb\"},\"inLanguage\":\"es\",\"potentialAction\":[{\"@type\":\"ReadAction\",\"target\":[\"https:\/\/alivialabs.com\/product\/mega-biotics-50\/\"]}]},{\"@type\":\"ImageObject\",\"inLanguage\":\"es\",\"@id\":\"https:\/\/alivialabs.com\/product\/mega-biotics-50\/#primaryimage\",\"url\":\"https:\/\/alivialabs.com\/wp-content\/uploads\/2021\/03\/MegaBiotics-50-png.png\",\"contentUrl\":\"https:\/\/alivialabs.com\/wp-content\/uploads\/2021\/03\/MegaBiotics-50-png.png\",\"width\":1080,\"height\":1080},{\"@type\":\"BreadcrumbList\",\"@id\":\"https:\/\/alivialabs.com\/product\/mega-biotics-50\/#breadcrumb\",\"itemListElement\":[{\"@type\":\"ListItem\",\"position\":1,\"name\":\"Home\",\"item\":\"https:\/\/alivialabs.com\/\"},{\"@type\":\"ListItem\",\"position\":2,\"name\":\"Shop\",\"item\":\"https:\/\/alivialabs.com\/es\/shop\/\"},{\"@type\":\"ListItem\",\"position\":3,\"name\":\"Mega Biotics 50\"}]},{\"@type\":\"WebSite\",\"@id\":\"https:\/\/alivialabs.com\/es\/#website\",\"url\":\"https:\/\/alivialabs.com\/es\/\",\"name\":\"Alivialabs\",\"description\":\"Productos naturales que te pueden ayudar a estar en salud, como tambi\u00e9n reforzarla para siempre tener la energ\u00eda y salud necesaria. Alivialabs, alivia tu mundo.\",\"potentialAction\":[{\"@type\":\"SearchAction\",\"target\":{\"@type\":\"EntryPoint\",\"urlTemplate\":\"https:\/\/alivialabs.com\/es\/?s={search_term_string}\"},\"query-input\":{\"@type\":\"PropertyValueSpecification\",\"valueRequired\":true,\"valueName\":\"search_term_string\"}}],\"inLanguage\":\"es\"}]}<\/script>\n<!-- \/ Yoast SEO Premium plugin. -->","yoast_head_json":{"title":"Mega Biotics 50 - Alivialabs","robots":{"index":"index","follow":"follow","max-snippet":"max-snippet:-1","max-image-preview":"max-image-preview:large","max-video-preview":"max-video-preview:-1"},"canonical":"https:\/\/alivialabs.com\/es\/producto\/mega-biotics-50\/","og_locale":"es_ES","og_type":"article","og_title":"Mega Biotics 50","og_description":"Unique action formula designed to provide you and your family with optimal digestive, immune, and overall health. Our product Mega Biotics helps you with better digestive function and can provide you with the probiotics your body needs.  Mega Biotics is a blend of probiotic bacteria containing Lactobacillus acidophilus, Bifidobacterium Lactis, Lactobacillus Plantarum, Lactobacillus Paracasei. Our supplement is designed to provide a high potency and balance of beneficial bacteria. Taking this product regularly can help maintain a healthy intestinal flora.\" Supplement Facts Serving Size:\u00a02 Capsules  Servings Per Container:\u00a030  Amount Per Serving:  -Proprietary Blend of Probiotic Bacteria: MAKTREK (Bi-Pass Technology) = 40 billion CFU  -Lactobacillus acidophilus (La-14)  -Bifidobacterium lactis (BI-04)  -Lactobacillus plantarum (Lp-115)  -Lactobacillus paracasei (Lpc-37)  -Marine Polysaccharide Complex  -Fructooligosaccharide  ** Daily Value (DV) not established  Other Ingredients:\u00a0cellulose (Vegetable Capsule), Rice maltodextrin, L-Leucine.  Suggested use:\u00a0As a dietary supplement, take two (2) capsules daily with water.  KEEP OUT OF REACH OF CHILDREN. Keep in cool dry place, not refrigerated.","og_url":"https:\/\/alivialabs.com\/es\/producto\/mega-biotics-50\/","og_site_name":"Alivialabs","article_modified_time":"2023-08-08T15:29:08+00:00","og_image":[{"width":1080,"height":1080,"url":"https:\/\/alivialabs.com\/wp-content\/uploads\/2021\/03\/MegaBiotics-50-png.png","type":"image\/png"}],"twitter_card":"summary_large_image","schema":{"@context":"https:\/\/schema.org","@graph":[{"@type":"WebPage","@id":"https:\/\/alivialabs.com\/product\/mega-biotics-50\/","url":"https:\/\/alivialabs.com\/product\/mega-biotics-50\/","name":"Mega Biotics 50 - Alivialabs","isPartOf":{"@id":"https:\/\/alivialabs.com\/es\/#website"},"primaryImageOfPage":{"@id":"https:\/\/alivialabs.com\/product\/mega-biotics-50\/#primaryimage"},"image":{"@id":"https:\/\/alivialabs.com\/product\/mega-biotics-50\/#primaryimage"},"thumbnailUrl":"https:\/\/alivialabs.com\/wp-content\/uploads\/2021\/03\/MegaBiotics-50-png.png","datePublished":"2021-03-05T23:41:23+00:00","dateModified":"2023-08-08T15:29:08+00:00","breadcrumb":{"@id":"https:\/\/alivialabs.com\/product\/mega-biotics-50\/#breadcrumb"},"inLanguage":"es","potentialAction":[{"@type":"ReadAction","target":["https:\/\/alivialabs.com\/product\/mega-biotics-50\/"]}]},{"@type":"ImageObject","inLanguage":"es","@id":"https:\/\/alivialabs.com\/product\/mega-biotics-50\/#primaryimage","url":"https:\/\/alivialabs.com\/wp-content\/uploads\/2021\/03\/MegaBiotics-50-png.png","contentUrl":"https:\/\/alivialabs.com\/wp-content\/uploads\/2021\/03\/MegaBiotics-50-png.png","width":1080,"height":1080},{"@type":"BreadcrumbList","@id":"https:\/\/alivialabs.com\/product\/mega-biotics-50\/#breadcrumb","itemListElement":[{"@type":"ListItem","position":1,"name":"Home","item":"https:\/\/alivialabs.com\/"},{"@type":"ListItem","position":2,"name":"Shop","item":"https:\/\/alivialabs.com\/es\/shop\/"},{"@type":"ListItem","position":3,"name":"Mega Biotics 50"}]},{"@type":"WebSite","@id":"https:\/\/alivialabs.com\/es\/#website","url":"https:\/\/alivialabs.com\/es\/","name":"Alivialabs","description":"Productos naturales que te pueden ayudar a estar en salud, como tambi\u00e9n reforzarla para siempre tener la energ\u00eda y salud necesaria. Alivialabs, alivia tu mundo.","potentialAction":[{"@type":"SearchAction","target":{"@type":"EntryPoint","urlTemplate":"https:\/\/alivialabs.com\/es\/?s={search_term_string}"},"query-input":{"@type":"PropertyValueSpecification","valueRequired":true,"valueName":"search_term_string"}}],"inLanguage":"es"}]}},"_links":{"self":[{"href":"https:\/\/alivialabs.com\/es\/wp-json\/wp\/v2\/product\/1554","targetHints":{"allow":["GET"]}}],"collection":[{"href":"https:\/\/alivialabs.com\/es\/wp-json\/wp\/v2\/product"}],"about":[{"href":"https:\/\/alivialabs.com\/es\/wp-json\/wp\/v2\/types\/product"}],"wp:featuredmedia":[{"embeddable":true,"href":"https:\/\/alivialabs.com\/es\/wp-json\/wp\/v2\/media\/4592"}],"wp:attachment":[{"href":"https:\/\/alivialabs.com\/es\/wp-json\/wp\/v2\/media?parent=1554"}],"wp:term":[{"taxonomy":"product_brand","embeddable":true,"href":"https:\/\/alivialabs.com\/es\/wp-json\/wp\/v2\/product_brand?post=1554"},{"taxonomy":"product_cat","embeddable":true,"href":"https:\/\/alivialabs.com\/es\/wp-json\/wp\/v2\/product_cat?post=1554"},{"taxonomy":"product_tag","embeddable":true,"href":"https:\/\/alivialabs.com\/es\/wp-json\/wp\/v2\/product_tag?post=1554"},{"taxonomy":"producto_tipo","embeddable":true,"href":"https:\/\/alivialabs.com\/es\/wp-json\/wp\/v2\/producto_tipo?post=1554"}],"curies":[{"name":"wp","href":"https:\/\/api.w.org\/{rel}","templated":true}]}}