{"id":1566,"date":"2021-03-05T18:48:02","date_gmt":"2021-03-05T23:48:02","guid":{"rendered":"https:\/\/alivialabs.com\/?post_type=product&#038;p=1566"},"modified":"2023-08-08T11:18:06","modified_gmt":"2023-08-08T15:18:06","slug":"prostalife","status":"publish","type":"product","link":"https:\/\/alivialabs.com\/es\/product\/prostalife\/","title":{"rendered":"ProstaLife"},"content":{"rendered":"","protected":false},"excerpt":{"rendered":"<p><strong>Prostalife<\/strong> es un suplemento a base de hierbas que puede ayudar a mantener la salud de la pr\u00f3stata y promueve un flujo urinario saludable. Nuestro suplemento contiene ingredientes que act\u00faan como antioxidantes, como el extracto de t\u00e9 verde y la frambuesa roja. Tambi\u00e9n hemos incluido algunos ingredientes naturales ex\u00f3ticos en nuestro suplemento, como Uva Ursi, Semilla de calabaza y Planta de malvavisco.<\/p>\n<p>Contiene extracto de Saw Palmetto, una palma enana norteamericana que ayuda a tratar los s\u00edntomas de la hiperplasia prost\u00e1tica benigna y frenar la alopecia. Saw Palmetto promueve acciones diur\u00e9ticas y antis\u00e9pticas, fortalece los m\u00fasculos de la vejiga y favorece la eliminaci\u00f3n de toxinas en la orina. Tambi\u00e9n puede ayudar a tratar la infecci\u00f3n de la vejiga o la cistitis y el tracto urinario en su conjunto, uretritis, prostatitis, etc. La palma enana americana bloquea los efectos de algunas hormonas en el cuerpo y tambi\u00e9n act\u00faa como antiinflamatorio.<\/p>\n<p>El 50% de los hombres en los Estados Unidos mayores de 50 a\u00f1os se ven afectados por un agrandamiento de la pr\u00f3stata, que puede causar m\u00faltiples problemas para orinar, aumento de peso y muchos otros. Hemos incluido una variedad de ingredientes a base de hierbas que son naturalmente beneficiosos en Prostalife que pueden ayudarlo en este proceso.<\/p>\n<h3>DATOS DEL SUPLEMENTO<\/h3>\n<p>30 porciones por envase<\/p>\n<p><strong>Tama\u00f1o de las porciones:<\/strong>\u00a01 c\u00e1psula<\/p>\n<p><strong>Cantidad por porci\u00f3n:<\/strong><\/p>\n<p>Zinc (como monometionina de zinc) = 7.5 mg l% DV = 136%<\/p>\n<p>Extracto de Saw Palmetto (est\u00e1ndar al 45% de \u00e1cidos grasos) (Serenoa repens) = 350 mg<\/p>\n<p>Licopeno = 10 mg<\/p>\n<p>* El% del valor diario (DV) le indica la cantidad de nutrientes en una porci\u00f3n que contribuye a una dieta diaria. Se utilizan 2000 calor\u00edas al d\u00eda como consejo nutricional general.<\/p>\n<p>** Valor diario (DV) no establecido<\/p>\n<p><strong>Otro (s) ingrediente (s):\u00a0<\/strong>silicato de calcio, gelatina (fuente bovina), fosfato dic\u00e1lcico, estearato de magnesio (grado vegetal).<\/p>\n<p><strong>Uso sugerido:\u00a0<\/strong>Como suplemento diet\u00e9tico para adultos, tome una (1) c\u00e1psula antes de cada una de sus dos comidas m\u00e1s grandes del d\u00eda o seg\u00fan las indicaciones de su profesional de la salud. No exceda de 4 c\u00e1psulas al d\u00eda.<\/p>\n<p><strong>MANTENER FUERA DEL ALCANCE DE LOS NI\u00d1OS. NO UTILICE SI EL SELLO DE SEGURIDAD EST\u00c1 DA\u00d1ADO O FALTA. GUARDAR EN UN LUGAR FRESCO Y SECO.<\/strong><\/p>","protected":false},"featured_media":4584,"template":"","meta":{"_mi_skip_tracking":false},"product_brand":[],"product_cat":[73],"product_tag":[],"producto_tipo":[78],"class_list":{"0":"post-1566","1":"product","2":"type-product","3":"status-publish","4":"has-post-thumbnail","6":"product_cat-general-symptoms","7":"producto_tipo-products","9":"first","10":"instock","11":"shipping-taxable","12":"purchasable","13":"product-type-simple"},"bundled_by":[],"bundle_stock_status":"instock","bundle_stock_quantity":null,"bundle_virtual":false,"bundle_layout":"","bundle_add_to_cart_form_location":"","bundle_editable_in_cart":false,"bundle_sold_individually_context":"","bundle_item_grouping":"","bundle_min_size":"","bundle_max_size":"","bundle_price":[],"bundled_items":[],"bundle_sell_ids":[],"yoast_head":"<!-- This site is optimized with the Yoast SEO Premium plugin v21.1 (Yoast SEO v25.2) - https:\/\/yoast.com\/wordpress\/plugins\/seo\/ -->\n<title>ProstaLife - Alivialabs<\/title>\n<meta name=\"robots\" content=\"index, follow, max-snippet:-1, max-image-preview:large, max-video-preview:-1\" \/>\n<link rel=\"canonical\" href=\"https:\/\/alivialabs.com\/es\/producto\/prostalife\/\" \/>\n<meta property=\"og:locale\" content=\"es_ES\" \/>\n<meta property=\"og:type\" content=\"article\" \/>\n<meta property=\"og:title\" content=\"ProstaLife\" \/>\n<meta property=\"og:description\" content=\"Prostalife is a herbal-based supplement that can help maintain prostate health and promote healthy urinary flow. Our supplement contains ingredients that act as antioxidants, such as green tea extract and red raspberry. We have also included some exotic natural ingredients in our supplement, such as uva ursi, pumpkin seed, and marshmallow plant.  It contains saw palmetto extract, a north american dwarf palm that helps treat symptoms of benign prostatic hyperplasia and slows down hair loss. Saw palmetto promotes diuretic and antiseptic actions, strengthens the muscles of the bladder, and promotes the elimination of toxins in the urine. It can also help treat bladder infection or cystitis and urinary tract as a whole, urethritis, prostatitis, etc. The american dwarf palm blocks the effects of some hormones in the body and also acts as an anti-inflammatory.  50% of men in the united states over the age of 50 are affected by an enlarged prostate, which can cause multiple problems with urination, weight gain, and many others. We have included a variety of herbal-based ingredients that are naturally beneficial in prostalife that can help you in this process. Supplement Facts 30 servings per container  Servings Size:\u00a01 Capsule  Amount Per Serving:  Zinc (as a zinc monomethionine) = 7.5 mg l %DV = 136%  Saw Palmetto Extract (std. to 45% fatty acids) (Serenoa repens) = 350 mg  Lycopene = 10 mg  *The % Daily Value (DV) tells you how much nutrient in a serving contributes to a daily diet. 2,000 calories a day is used for general nutrition advice.  ** Daily Value (DV) not established  Other ingredient(s):\u00a0Calcium Silicate, Gelatin (Bovine source), Dicalcium phosphate, Magnesium Stearate (vegetable grade).  Suggested use:\u00a0As a dietary supplement for adults, take one (1) capsule before each of your two largest meals of the day or as directed by your healthcare professional. Do not exceed 4 capsules daily.  KEEP OUT OF REACH OF CHILDREN. DO NOT USE IF SAFETY SEAL IS DAMAGED OR MISSING. STORE IN A COOL, DRY PLACE.\" \/>\n<meta property=\"og:url\" content=\"https:\/\/alivialabs.com\/es\/producto\/prostalife\/\" \/>\n<meta property=\"og:site_name\" content=\"Alivialabs\" \/>\n<meta property=\"article:modified_time\" content=\"2023-08-08T15:18:06+00:00\" \/>\n<meta property=\"og:image\" content=\"https:\/\/alivialabs.com\/wp-content\/uploads\/2021\/03\/Prostalife.jpg\" \/>\n\t<meta property=\"og:image:width\" content=\"1080\" \/>\n\t<meta property=\"og:image:height\" content=\"1080\" \/>\n\t<meta property=\"og:image:type\" content=\"image\/jpeg\" \/>\n<meta name=\"twitter:card\" content=\"summary_large_image\" \/>\n<script type=\"application\/ld+json\" class=\"yoast-schema-graph\">{\"@context\":\"https:\/\/schema.org\",\"@graph\":[{\"@type\":\"WebPage\",\"@id\":\"https:\/\/alivialabs.com\/product\/prostalife\/\",\"url\":\"https:\/\/alivialabs.com\/product\/prostalife\/\",\"name\":\"ProstaLife - Alivialabs\",\"isPartOf\":{\"@id\":\"https:\/\/alivialabs.com\/es\/#website\"},\"primaryImageOfPage\":{\"@id\":\"https:\/\/alivialabs.com\/product\/prostalife\/#primaryimage\"},\"image\":{\"@id\":\"https:\/\/alivialabs.com\/product\/prostalife\/#primaryimage\"},\"thumbnailUrl\":\"https:\/\/alivialabs.com\/wp-content\/uploads\/2021\/03\/Prostalife.jpg\",\"datePublished\":\"2021-03-05T23:48:02+00:00\",\"dateModified\":\"2023-08-08T15:18:06+00:00\",\"breadcrumb\":{\"@id\":\"https:\/\/alivialabs.com\/product\/prostalife\/#breadcrumb\"},\"inLanguage\":\"es\",\"potentialAction\":[{\"@type\":\"ReadAction\",\"target\":[\"https:\/\/alivialabs.com\/product\/prostalife\/\"]}]},{\"@type\":\"ImageObject\",\"inLanguage\":\"es\",\"@id\":\"https:\/\/alivialabs.com\/product\/prostalife\/#primaryimage\",\"url\":\"https:\/\/alivialabs.com\/wp-content\/uploads\/2021\/03\/Prostalife.jpg\",\"contentUrl\":\"https:\/\/alivialabs.com\/wp-content\/uploads\/2021\/03\/Prostalife.jpg\",\"width\":1080,\"height\":1080},{\"@type\":\"BreadcrumbList\",\"@id\":\"https:\/\/alivialabs.com\/product\/prostalife\/#breadcrumb\",\"itemListElement\":[{\"@type\":\"ListItem\",\"position\":1,\"name\":\"Home\",\"item\":\"https:\/\/alivialabs.com\/\"},{\"@type\":\"ListItem\",\"position\":2,\"name\":\"Shop\",\"item\":\"https:\/\/alivialabs.com\/es\/shop\/\"},{\"@type\":\"ListItem\",\"position\":3,\"name\":\"ProstaLife\"}]},{\"@type\":\"WebSite\",\"@id\":\"https:\/\/alivialabs.com\/es\/#website\",\"url\":\"https:\/\/alivialabs.com\/es\/\",\"name\":\"Alivialabs\",\"description\":\"Productos naturales que te pueden ayudar a estar en salud, como tambi\u00e9n reforzarla para siempre tener la energ\u00eda y salud necesaria. Alivialabs, alivia tu mundo.\",\"potentialAction\":[{\"@type\":\"SearchAction\",\"target\":{\"@type\":\"EntryPoint\",\"urlTemplate\":\"https:\/\/alivialabs.com\/es\/?s={search_term_string}\"},\"query-input\":{\"@type\":\"PropertyValueSpecification\",\"valueRequired\":true,\"valueName\":\"search_term_string\"}}],\"inLanguage\":\"es\"}]}<\/script>\n<!-- \/ Yoast SEO Premium plugin. -->","yoast_head_json":{"title":"ProstaLife - Alivialabs","robots":{"index":"index","follow":"follow","max-snippet":"max-snippet:-1","max-image-preview":"max-image-preview:large","max-video-preview":"max-video-preview:-1"},"canonical":"https:\/\/alivialabs.com\/es\/producto\/prostalife\/","og_locale":"es_ES","og_type":"article","og_title":"ProstaLife","og_description":"Prostalife is a herbal-based supplement that can help maintain prostate health and promote healthy urinary flow. Our supplement contains ingredients that act as antioxidants, such as green tea extract and red raspberry. We have also included some exotic natural ingredients in our supplement, such as uva ursi, pumpkin seed, and marshmallow plant.  It contains saw palmetto extract, a north american dwarf palm that helps treat symptoms of benign prostatic hyperplasia and slows down hair loss. Saw palmetto promotes diuretic and antiseptic actions, strengthens the muscles of the bladder, and promotes the elimination of toxins in the urine. It can also help treat bladder infection or cystitis and urinary tract as a whole, urethritis, prostatitis, etc. The american dwarf palm blocks the effects of some hormones in the body and also acts as an anti-inflammatory.  50% of men in the united states over the age of 50 are affected by an enlarged prostate, which can cause multiple problems with urination, weight gain, and many others. We have included a variety of herbal-based ingredients that are naturally beneficial in prostalife that can help you in this process. Supplement Facts 30 servings per container  Servings Size:\u00a01 Capsule  Amount Per Serving:  Zinc (as a zinc monomethionine) = 7.5 mg l %DV = 136%  Saw Palmetto Extract (std. to 45% fatty acids) (Serenoa repens) = 350 mg  Lycopene = 10 mg  *The % Daily Value (DV) tells you how much nutrient in a serving contributes to a daily diet. 2,000 calories a day is used for general nutrition advice.  ** Daily Value (DV) not established  Other ingredient(s):\u00a0Calcium Silicate, Gelatin (Bovine source), Dicalcium phosphate, Magnesium Stearate (vegetable grade).  Suggested use:\u00a0As a dietary supplement for adults, take one (1) capsule before each of your two largest meals of the day or as directed by your healthcare professional. Do not exceed 4 capsules daily.  KEEP OUT OF REACH OF CHILDREN. DO NOT USE IF SAFETY SEAL IS DAMAGED OR MISSING. STORE IN A COOL, DRY PLACE.","og_url":"https:\/\/alivialabs.com\/es\/producto\/prostalife\/","og_site_name":"Alivialabs","article_modified_time":"2023-08-08T15:18:06+00:00","og_image":[{"width":1080,"height":1080,"url":"https:\/\/alivialabs.com\/wp-content\/uploads\/2021\/03\/Prostalife.jpg","type":"image\/jpeg"}],"twitter_card":"summary_large_image","schema":{"@context":"https:\/\/schema.org","@graph":[{"@type":"WebPage","@id":"https:\/\/alivialabs.com\/product\/prostalife\/","url":"https:\/\/alivialabs.com\/product\/prostalife\/","name":"ProstaLife - Alivialabs","isPartOf":{"@id":"https:\/\/alivialabs.com\/es\/#website"},"primaryImageOfPage":{"@id":"https:\/\/alivialabs.com\/product\/prostalife\/#primaryimage"},"image":{"@id":"https:\/\/alivialabs.com\/product\/prostalife\/#primaryimage"},"thumbnailUrl":"https:\/\/alivialabs.com\/wp-content\/uploads\/2021\/03\/Prostalife.jpg","datePublished":"2021-03-05T23:48:02+00:00","dateModified":"2023-08-08T15:18:06+00:00","breadcrumb":{"@id":"https:\/\/alivialabs.com\/product\/prostalife\/#breadcrumb"},"inLanguage":"es","potentialAction":[{"@type":"ReadAction","target":["https:\/\/alivialabs.com\/product\/prostalife\/"]}]},{"@type":"ImageObject","inLanguage":"es","@id":"https:\/\/alivialabs.com\/product\/prostalife\/#primaryimage","url":"https:\/\/alivialabs.com\/wp-content\/uploads\/2021\/03\/Prostalife.jpg","contentUrl":"https:\/\/alivialabs.com\/wp-content\/uploads\/2021\/03\/Prostalife.jpg","width":1080,"height":1080},{"@type":"BreadcrumbList","@id":"https:\/\/alivialabs.com\/product\/prostalife\/#breadcrumb","itemListElement":[{"@type":"ListItem","position":1,"name":"Home","item":"https:\/\/alivialabs.com\/"},{"@type":"ListItem","position":2,"name":"Shop","item":"https:\/\/alivialabs.com\/es\/shop\/"},{"@type":"ListItem","position":3,"name":"ProstaLife"}]},{"@type":"WebSite","@id":"https:\/\/alivialabs.com\/es\/#website","url":"https:\/\/alivialabs.com\/es\/","name":"Alivialabs","description":"Productos naturales que te pueden ayudar a estar en salud, como tambi\u00e9n reforzarla para siempre tener la energ\u00eda y salud necesaria. Alivialabs, alivia tu mundo.","potentialAction":[{"@type":"SearchAction","target":{"@type":"EntryPoint","urlTemplate":"https:\/\/alivialabs.com\/es\/?s={search_term_string}"},"query-input":{"@type":"PropertyValueSpecification","valueRequired":true,"valueName":"search_term_string"}}],"inLanguage":"es"}]}},"_links":{"self":[{"href":"https:\/\/alivialabs.com\/es\/wp-json\/wp\/v2\/product\/1566","targetHints":{"allow":["GET"]}}],"collection":[{"href":"https:\/\/alivialabs.com\/es\/wp-json\/wp\/v2\/product"}],"about":[{"href":"https:\/\/alivialabs.com\/es\/wp-json\/wp\/v2\/types\/product"}],"wp:featuredmedia":[{"embeddable":true,"href":"https:\/\/alivialabs.com\/es\/wp-json\/wp\/v2\/media\/4584"}],"wp:attachment":[{"href":"https:\/\/alivialabs.com\/es\/wp-json\/wp\/v2\/media?parent=1566"}],"wp:term":[{"taxonomy":"product_brand","embeddable":true,"href":"https:\/\/alivialabs.com\/es\/wp-json\/wp\/v2\/product_brand?post=1566"},{"taxonomy":"product_cat","embeddable":true,"href":"https:\/\/alivialabs.com\/es\/wp-json\/wp\/v2\/product_cat?post=1566"},{"taxonomy":"product_tag","embeddable":true,"href":"https:\/\/alivialabs.com\/es\/wp-json\/wp\/v2\/product_tag?post=1566"},{"taxonomy":"producto_tipo","embeddable":true,"href":"https:\/\/alivialabs.com\/es\/wp-json\/wp\/v2\/producto_tipo?post=1566"}],"curies":[{"name":"wp","href":"https:\/\/api.w.org\/{rel}","templated":true}]}}