{"id":1577,"date":"2021-03-05T18:55:57","date_gmt":"2021-03-05T18:55:57","guid":{"rendered":"https:\/\/alivialabs.com\/?post_type=product&#038;p=1577"},"modified":"2023-08-08T10:40:56","modified_gmt":"2023-08-08T14:40:56","slug":"apple-cider-vinegar","status":"publish","type":"product","link":"https:\/\/alivialabs.com\/es\/product\/apple-cider-vinegar\/","title":{"rendered":"Apple Cider Vinegar"},"content":{"rendered":"","protected":false},"excerpt":{"rendered":"<p><strong>Apple Cider Vinegar <\/strong><span style=\"font-weight: 400;\">es un suplemento que asiste con el bienestar general, con una mejor eliminaci\u00f3n de toxinas, y reduce el pH de la sangre. Est\u00e1 hecho a base de manzanas trituradas fermentadas, un elemento que ha sido utilizado por millones de personas para perder peso y para mejorar el bienestar general. Nuestro suplemento Apple Cider Vinegar se esfuerza por promover la quema de grasa y la desintoxicaci\u00f3n, la p\u00e9rdida de peso saludable y puede ayudar a eliminar las impurezas que se encuentran en el cuerpo. Tambi\u00e9n puede ayudar a equilibrar la presi\u00f3n arterial, promover una digesti\u00f3n saludable y apoyar la salud y el peso de las articulaciones.<\/span><\/p>\n<p><span style=\"font-weight: 400;\">Nuestro producto puede ayudar a reducir la grasa corporal al disminuir los niveles de triglic\u00e9ridos, estimular el metabolismo y actuar como un supresor natural del apetito. Todo lo cual te har\u00e1 sentir saciado durante per\u00edodos de tiempo m\u00e1s prolongados. Tambi\u00e9n puede ayudar a reducir los niveles de az\u00facar en sangre, controlar el reflujo \u00e1cido y contribuye a la salud de la piel.<\/span><\/p>\n<h3>DATOS DEL SUPLEMENTO<\/h3>\n<p><strong>Tama\u00f1o de la porci\u00f3n:<\/strong>\u00a02 c\u00e1psulas vegetales<\/p>\n<p><strong>Porciones por envase:<\/strong>\u00a030<\/p>\n<p><strong>Cantidad por porci\u00f3n:<\/strong>\u00a0Apple Cider Vinegar = 1300 mg<\/p>\n<p>** Valor diario (DV) no establecido<\/p>\n<p>Ingredientes inactivos: celulosa (c\u00e1psula vegetal), L-leucina<\/p>","protected":false},"featured_media":4580,"template":"","meta":{"_mi_skip_tracking":false},"product_brand":[],"product_cat":[71],"product_tag":[],"producto_tipo":[78],"class_list":{"0":"post-1577","1":"product","2":"type-product","3":"status-publish","4":"has-post-thumbnail","6":"product_cat-weight-control","7":"producto_tipo-products","9":"first","10":"instock","11":"shipping-taxable","12":"purchasable","13":"product-type-simple"},"bundled_by":["1664"],"bundle_stock_status":"instock","bundle_stock_quantity":null,"bundle_virtual":false,"bundle_layout":"","bundle_add_to_cart_form_location":"","bundle_editable_in_cart":false,"bundle_sold_individually_context":"","bundle_item_grouping":"","bundle_min_size":"","bundle_max_size":"","bundle_price":[],"bundled_items":[],"bundle_sell_ids":[],"yoast_head":"<!-- This site is optimized with the Yoast SEO Premium plugin v21.1 (Yoast SEO v25.2) - https:\/\/yoast.com\/wordpress\/plugins\/seo\/ -->\n<title>Apple Cider Vinegar - Alivialabs<\/title>\n<meta name=\"robots\" content=\"index, follow, max-snippet:-1, max-image-preview:large, max-video-preview:-1\" \/>\n<link rel=\"canonical\" href=\"https:\/\/alivialabs.com\/es\/producto\/apple-cider-vinegar\/\" \/>\n<meta property=\"og:locale\" content=\"es_ES\" \/>\n<meta property=\"og:type\" content=\"article\" \/>\n<meta property=\"og:title\" content=\"Apple Cider Vinegar\" \/>\n<meta property=\"og:description\" content=\"Apple Cider Vinegar is a supplement that assists with overall wellness, improved toxin elimination, and reduces blood ph. It is made from crushed and fermented apples, a powerful ingredient that has been used by millions for weight loss and general well-being. Our apple cider vinegar supplement strives to promote fat burning and detoxification, healthy weight loss, and may help eliminate impurities found in the body. It can also help balance blood pressure, promote healthy digestion, and support joint health and weight.  Our product can aid in reducing body fat by lowering triglyceride levels, stimulating metabolism, and acting as a natural appetite suppressant, all of which can make you feel fuller for longer periods of time. It may also help lower blood sugar levels, control acid reflux, and contribute to skin health. Supplement Facts Serving Size:\u00a02 Veggie Capsules  Servings Per Container:\u00a030  Amount Per Serving:\u00a0Apple Cider Vinegar = 1300 mg  ** Daily Value (DV) not established  Inactive ingredients: Cellulose (Vegetable Capsule), L-Leucine\" \/>\n<meta property=\"og:url\" content=\"https:\/\/alivialabs.com\/es\/producto\/apple-cider-vinegar\/\" \/>\n<meta property=\"og:site_name\" content=\"Alivialabs\" \/>\n<meta property=\"article:modified_time\" content=\"2023-08-08T14:40:56+00:00\" \/>\n<meta property=\"og:image\" content=\"https:\/\/alivialabs.com\/wp-content\/uploads\/2021\/03\/APPLE-CIDER.jpg\" \/>\n\t<meta property=\"og:image:width\" content=\"1080\" \/>\n\t<meta property=\"og:image:height\" content=\"1080\" \/>\n\t<meta property=\"og:image:type\" content=\"image\/jpeg\" \/>\n<meta name=\"twitter:card\" content=\"summary_large_image\" \/>\n<script type=\"application\/ld+json\" class=\"yoast-schema-graph\">{\"@context\":\"https:\/\/schema.org\",\"@graph\":[{\"@type\":\"WebPage\",\"@id\":\"https:\/\/alivialabs.com\/product\/apple-cider-vinegar\/\",\"url\":\"https:\/\/alivialabs.com\/product\/apple-cider-vinegar\/\",\"name\":\"Apple Cider Vinegar - Alivialabs\",\"isPartOf\":{\"@id\":\"https:\/\/alivialabs.com\/es\/#website\"},\"primaryImageOfPage\":{\"@id\":\"https:\/\/alivialabs.com\/product\/apple-cider-vinegar\/#primaryimage\"},\"image\":{\"@id\":\"https:\/\/alivialabs.com\/product\/apple-cider-vinegar\/#primaryimage\"},\"thumbnailUrl\":\"https:\/\/alivialabs.com\/wp-content\/uploads\/2021\/03\/APPLE-CIDER.jpg\",\"datePublished\":\"2021-03-05T18:55:57+00:00\",\"dateModified\":\"2023-08-08T14:40:56+00:00\",\"breadcrumb\":{\"@id\":\"https:\/\/alivialabs.com\/product\/apple-cider-vinegar\/#breadcrumb\"},\"inLanguage\":\"es\",\"potentialAction\":[{\"@type\":\"ReadAction\",\"target\":[\"https:\/\/alivialabs.com\/product\/apple-cider-vinegar\/\"]}]},{\"@type\":\"ImageObject\",\"inLanguage\":\"es\",\"@id\":\"https:\/\/alivialabs.com\/product\/apple-cider-vinegar\/#primaryimage\",\"url\":\"https:\/\/alivialabs.com\/wp-content\/uploads\/2021\/03\/APPLE-CIDER.jpg\",\"contentUrl\":\"https:\/\/alivialabs.com\/wp-content\/uploads\/2021\/03\/APPLE-CIDER.jpg\",\"width\":1080,\"height\":1080},{\"@type\":\"BreadcrumbList\",\"@id\":\"https:\/\/alivialabs.com\/product\/apple-cider-vinegar\/#breadcrumb\",\"itemListElement\":[{\"@type\":\"ListItem\",\"position\":1,\"name\":\"Home\",\"item\":\"https:\/\/alivialabs.com\/\"},{\"@type\":\"ListItem\",\"position\":2,\"name\":\"Shop\",\"item\":\"https:\/\/alivialabs.com\/es\/shop\/\"},{\"@type\":\"ListItem\",\"position\":3,\"name\":\"Apple Cider Vinegar\"}]},{\"@type\":\"WebSite\",\"@id\":\"https:\/\/alivialabs.com\/es\/#website\",\"url\":\"https:\/\/alivialabs.com\/es\/\",\"name\":\"Alivialabs\",\"description\":\"Productos naturales que te pueden ayudar a estar en salud, como tambi\u00e9n reforzarla para siempre tener la energ\u00eda y salud necesaria. Alivialabs, alivia tu mundo.\",\"potentialAction\":[{\"@type\":\"SearchAction\",\"target\":{\"@type\":\"EntryPoint\",\"urlTemplate\":\"https:\/\/alivialabs.com\/es\/?s={search_term_string}\"},\"query-input\":{\"@type\":\"PropertyValueSpecification\",\"valueRequired\":true,\"valueName\":\"search_term_string\"}}],\"inLanguage\":\"es\"}]}<\/script>\n<!-- \/ Yoast SEO Premium plugin. -->","yoast_head_json":{"title":"Apple Cider Vinegar - Alivialabs","robots":{"index":"index","follow":"follow","max-snippet":"max-snippet:-1","max-image-preview":"max-image-preview:large","max-video-preview":"max-video-preview:-1"},"canonical":"https:\/\/alivialabs.com\/es\/producto\/apple-cider-vinegar\/","og_locale":"es_ES","og_type":"article","og_title":"Apple Cider Vinegar","og_description":"Apple Cider Vinegar is a supplement that assists with overall wellness, improved toxin elimination, and reduces blood ph. It is made from crushed and fermented apples, a powerful ingredient that has been used by millions for weight loss and general well-being. Our apple cider vinegar supplement strives to promote fat burning and detoxification, healthy weight loss, and may help eliminate impurities found in the body. It can also help balance blood pressure, promote healthy digestion, and support joint health and weight.  Our product can aid in reducing body fat by lowering triglyceride levels, stimulating metabolism, and acting as a natural appetite suppressant, all of which can make you feel fuller for longer periods of time. It may also help lower blood sugar levels, control acid reflux, and contribute to skin health. Supplement Facts Serving Size:\u00a02 Veggie Capsules  Servings Per Container:\u00a030  Amount Per Serving:\u00a0Apple Cider Vinegar = 1300 mg  ** Daily Value (DV) not established  Inactive ingredients: Cellulose (Vegetable Capsule), L-Leucine","og_url":"https:\/\/alivialabs.com\/es\/producto\/apple-cider-vinegar\/","og_site_name":"Alivialabs","article_modified_time":"2023-08-08T14:40:56+00:00","og_image":[{"width":1080,"height":1080,"url":"https:\/\/alivialabs.com\/wp-content\/uploads\/2021\/03\/APPLE-CIDER.jpg","type":"image\/jpeg"}],"twitter_card":"summary_large_image","schema":{"@context":"https:\/\/schema.org","@graph":[{"@type":"WebPage","@id":"https:\/\/alivialabs.com\/product\/apple-cider-vinegar\/","url":"https:\/\/alivialabs.com\/product\/apple-cider-vinegar\/","name":"Apple Cider Vinegar - Alivialabs","isPartOf":{"@id":"https:\/\/alivialabs.com\/es\/#website"},"primaryImageOfPage":{"@id":"https:\/\/alivialabs.com\/product\/apple-cider-vinegar\/#primaryimage"},"image":{"@id":"https:\/\/alivialabs.com\/product\/apple-cider-vinegar\/#primaryimage"},"thumbnailUrl":"https:\/\/alivialabs.com\/wp-content\/uploads\/2021\/03\/APPLE-CIDER.jpg","datePublished":"2021-03-05T18:55:57+00:00","dateModified":"2023-08-08T14:40:56+00:00","breadcrumb":{"@id":"https:\/\/alivialabs.com\/product\/apple-cider-vinegar\/#breadcrumb"},"inLanguage":"es","potentialAction":[{"@type":"ReadAction","target":["https:\/\/alivialabs.com\/product\/apple-cider-vinegar\/"]}]},{"@type":"ImageObject","inLanguage":"es","@id":"https:\/\/alivialabs.com\/product\/apple-cider-vinegar\/#primaryimage","url":"https:\/\/alivialabs.com\/wp-content\/uploads\/2021\/03\/APPLE-CIDER.jpg","contentUrl":"https:\/\/alivialabs.com\/wp-content\/uploads\/2021\/03\/APPLE-CIDER.jpg","width":1080,"height":1080},{"@type":"BreadcrumbList","@id":"https:\/\/alivialabs.com\/product\/apple-cider-vinegar\/#breadcrumb","itemListElement":[{"@type":"ListItem","position":1,"name":"Home","item":"https:\/\/alivialabs.com\/"},{"@type":"ListItem","position":2,"name":"Shop","item":"https:\/\/alivialabs.com\/es\/shop\/"},{"@type":"ListItem","position":3,"name":"Apple Cider Vinegar"}]},{"@type":"WebSite","@id":"https:\/\/alivialabs.com\/es\/#website","url":"https:\/\/alivialabs.com\/es\/","name":"Alivialabs","description":"Productos naturales que te pueden ayudar a estar en salud, como tambi\u00e9n reforzarla para siempre tener la energ\u00eda y salud necesaria. Alivialabs, alivia tu mundo.","potentialAction":[{"@type":"SearchAction","target":{"@type":"EntryPoint","urlTemplate":"https:\/\/alivialabs.com\/es\/?s={search_term_string}"},"query-input":{"@type":"PropertyValueSpecification","valueRequired":true,"valueName":"search_term_string"}}],"inLanguage":"es"}]}},"_links":{"self":[{"href":"https:\/\/alivialabs.com\/es\/wp-json\/wp\/v2\/product\/1577","targetHints":{"allow":["GET"]}}],"collection":[{"href":"https:\/\/alivialabs.com\/es\/wp-json\/wp\/v2\/product"}],"about":[{"href":"https:\/\/alivialabs.com\/es\/wp-json\/wp\/v2\/types\/product"}],"wp:featuredmedia":[{"embeddable":true,"href":"https:\/\/alivialabs.com\/es\/wp-json\/wp\/v2\/media\/4580"}],"wp:attachment":[{"href":"https:\/\/alivialabs.com\/es\/wp-json\/wp\/v2\/media?parent=1577"}],"wp:term":[{"taxonomy":"product_brand","embeddable":true,"href":"https:\/\/alivialabs.com\/es\/wp-json\/wp\/v2\/product_brand?post=1577"},{"taxonomy":"product_cat","embeddable":true,"href":"https:\/\/alivialabs.com\/es\/wp-json\/wp\/v2\/product_cat?post=1577"},{"taxonomy":"product_tag","embeddable":true,"href":"https:\/\/alivialabs.com\/es\/wp-json\/wp\/v2\/product_tag?post=1577"},{"taxonomy":"producto_tipo","embeddable":true,"href":"https:\/\/alivialabs.com\/es\/wp-json\/wp\/v2\/producto_tipo?post=1577"}],"curies":[{"name":"wp","href":"https:\/\/api.w.org\/{rel}","templated":true}]}}