{"id":1580,"date":"2021-03-05T18:57:24","date_gmt":"2021-03-05T23:57:24","guid":{"rendered":"https:\/\/alivialabs.com\/?post_type=product&#038;p=1580"},"modified":"2023-08-08T11:20:14","modified_gmt":"2023-08-08T15:20:14","slug":"omega-plus-3x","status":"publish","type":"product","link":"https:\/\/alivialabs.com\/es\/product\/omega-plus-3x\/","title":{"rendered":"Omega Plus 3x"},"content":{"rendered":"","protected":false},"excerpt":{"rendered":"<p>Nuestro suplemento contiene \u00e1cidos grasos <strong>omega-3<\/strong> que sirven para reducir el colesterol, pero tambi\u00e9n para reducir los triglic\u00e9ridos, de ah\u00ed su importancia a nivel de salud. Los \u00e1cidos grasos Omega-3 son nutrientes esenciales para mantener saludables el coraz\u00f3n, cerebro, articulaciones, huesos, cabello, piel, y un estado de \u00e1nimo positivo.<\/p>\n<p>El suplemento Omega 3 puede ayudar a apoyar la funci\u00f3n de memoria relacionada con la edad. Algunas de las propiedades de este suplemento son realmente beneficiosas para los corredores y deportistas en general, ya que estos \u00e1cidos grasos aumentan el rendimiento deportivo gracias al aumento de la fuerza y del rendimiento aer\u00f3bico que produce su consumo.<\/p>\n<p>Adem\u00e1s, se trata de \u00e1cidos antiinflamatorios que mejoran el metabolismo del ox\u00edgeno, aceleran la recuperaci\u00f3n muscular e incluso mejoran la resistencia. El omega tambi\u00e9n sirve como medio de transporte para llevar los productos qu\u00edmicos de unas c\u00e9lulas a otras, mantiene las c\u00e9lulas sanas, es indispensable para mantener un sistema nervioso sano, y produce energ\u00eda de forma eficaz.<\/p>\n<h3>DATOS DEL SUPLEMENTO<\/h3>\n<p>60 porciones por envase<\/p>\n<p><strong>Tama\u00f1o de la porci\u00f3n: <\/strong>1 c\u00e1psula blanda<\/p>\n<p><strong>Cantidad por porci\u00f3n:<\/strong><\/p>\n<p>Calor\u00edas = 10<\/p>\n<p>Calor\u00edas de grasa = 10<\/p>\n<p>Grasa total = 1.0 g l% DV = 2%<\/p>\n<p>Polyunsaturated Fat = 0.5 g<\/p>\n<p>Grasa total = 1.0 g l% DV = 2%<\/p>\n<p>Grasa total = 1.0 g l% DV = 2%<\/p>\n<p class=\"translation-block\"><strong>Normalmente contiene: <\/strong>EPA (Aoid eicosapentaenoico = 180 mg, DHA (\u00e1cido docosahexaenoico) = 120 mg<\/p>\n<p>\u2022 El valor diario (DV) se basa en una dieta de 2,000 calor\u00edas.<\/p>\n<p>** Valor diario (DV) no establecido<\/p>\n<p><strong>Otro (s) ingrediente (s):<\/strong> Gelatin, Glycerin and purified water<\/p>\n<p><strong>Uso sugerido:<\/strong> Una c\u00e1psula blanda que se toma diariamente con las comidas como suplemento diet\u00e9tico, o seg\u00fan las indicaciones de un profesional de la salud.<\/p>\n<p><strong>Precauci\u00f3n: No exceda la dosis recomendada. Las madres embarazadas o en per\u00edodo de lactancia, los ni\u00f1os menores de 18 a\u00f1os y las personas con una afecci\u00f3n m\u00e9dica conocida deben consultar a un m\u00e9dico antes de usar este o cualquier suplemento diet\u00e9tico.<\/strong><\/p>","protected":false},"featured_media":4586,"template":"","meta":{"_mi_skip_tracking":false},"product_brand":[],"product_cat":[72],"product_tag":[],"producto_tipo":[78],"class_list":{"0":"post-1580","1":"product","2":"type-product","3":"status-publish","4":"has-post-thumbnail","6":"product_cat-cardiovascular-health","7":"producto_tipo-products","9":"first","10":"instock","11":"shipping-taxable","12":"purchasable","13":"product-type-simple"},"bundled_by":[],"bundle_stock_status":"instock","bundle_stock_quantity":null,"bundle_virtual":false,"bundle_layout":"","bundle_add_to_cart_form_location":"","bundle_editable_in_cart":false,"bundle_sold_individually_context":"","bundle_item_grouping":"","bundle_min_size":"","bundle_max_size":"","bundle_price":[],"bundled_items":[],"bundle_sell_ids":[],"yoast_head":"<!-- This site is optimized with the Yoast SEO Premium plugin v21.1 (Yoast SEO v25.2) - https:\/\/yoast.com\/wordpress\/plugins\/seo\/ -->\n<title>Omega Plus 3x - Alivialabs<\/title>\n<meta name=\"robots\" content=\"index, follow, max-snippet:-1, max-image-preview:large, max-video-preview:-1\" \/>\n<link rel=\"canonical\" href=\"https:\/\/alivialabs.com\/es\/producto\/omega-plus-3x\/\" \/>\n<meta property=\"og:locale\" content=\"es_ES\" \/>\n<meta property=\"og:type\" content=\"article\" \/>\n<meta property=\"og:title\" content=\"Omega Plus 3x\" \/>\n<meta property=\"og:description\" content=\"Our supplement contains omega-3 fatty acids that serve to reduce cholesterol, but also to reduce triglycerides, hence its importance in terms of health. Omega-3 fatty acids are essential nutrients to keep the heart, brain, joints, bones, hair, skin, and a positive mood healthy.  The omega 3 supplement can help support age-related memory function. Some of the properties of this supplement are really beneficial for runners and athletes in general, as these fatty acids increase sports performance thanks to the increase in strength and aerobic performance produced by their consumption.  In addition, they are anti-inflammatory acids that improve oxygen metabolism, accelerate muscle recovery, and even improve endurance. Omega also serves as a means of transport to carry chemicals from one cell to another, keeps cells healthy, is essential to maintain a healthy nervous system, and produces energy effectively. Supplement Facts 60 servings per container  Serving Size: 1 Softgel  Amount Per Serving:  Calories = 10  Calories from fat = 10  Total Fat = 1.0 g l %DV = 2%  Polyunsaturated Fat = 0.5 g  Cholesterol = 0.0 g l %DV = 0%  Fish Oil = 1,000 mg  Typically contains: EPA (Eicosapentaenoic Aoid = 180 mg, DHA (Docosahexaenoic Acid) = 120 mg  \u2022 Daily Value (DV) are based on 2,000 calories diet.  ** Daily Value (DV) not established.  Other ingredient(s): Gelatin, Glycerin and purified water  Suggested Use: One softgel taken daily with meals as a dietary supplement, or as directed by a healthcare professional.  Caution: Do not exceed recommended dose. Pregnant or nursing mothers, children under the age of 18, and individuals with a known medical condition should consult a physician before using this or any dietary supplement.\" \/>\n<meta property=\"og:url\" content=\"https:\/\/alivialabs.com\/es\/producto\/omega-plus-3x\/\" \/>\n<meta property=\"og:site_name\" content=\"Alivialabs\" \/>\n<meta property=\"article:modified_time\" content=\"2023-08-08T15:20:14+00:00\" \/>\n<meta property=\"og:image\" content=\"https:\/\/alivialabs.com\/wp-content\/uploads\/2021\/03\/OMEGA3X-PLUS.jpg\" \/>\n\t<meta property=\"og:image:width\" content=\"1080\" \/>\n\t<meta property=\"og:image:height\" content=\"1080\" \/>\n\t<meta property=\"og:image:type\" content=\"image\/jpeg\" \/>\n<meta name=\"twitter:card\" content=\"summary_large_image\" \/>\n<script type=\"application\/ld+json\" class=\"yoast-schema-graph\">{\"@context\":\"https:\/\/schema.org\",\"@graph\":[{\"@type\":\"WebPage\",\"@id\":\"https:\/\/alivialabs.com\/product\/omega-plus-3x\/\",\"url\":\"https:\/\/alivialabs.com\/product\/omega-plus-3x\/\",\"name\":\"Omega Plus 3x - Alivialabs\",\"isPartOf\":{\"@id\":\"https:\/\/alivialabs.com\/es\/#website\"},\"primaryImageOfPage\":{\"@id\":\"https:\/\/alivialabs.com\/product\/omega-plus-3x\/#primaryimage\"},\"image\":{\"@id\":\"https:\/\/alivialabs.com\/product\/omega-plus-3x\/#primaryimage\"},\"thumbnailUrl\":\"https:\/\/alivialabs.com\/wp-content\/uploads\/2021\/03\/OMEGA3X-PLUS.jpg\",\"datePublished\":\"2021-03-05T23:57:24+00:00\",\"dateModified\":\"2023-08-08T15:20:14+00:00\",\"breadcrumb\":{\"@id\":\"https:\/\/alivialabs.com\/product\/omega-plus-3x\/#breadcrumb\"},\"inLanguage\":\"es\",\"potentialAction\":[{\"@type\":\"ReadAction\",\"target\":[\"https:\/\/alivialabs.com\/product\/omega-plus-3x\/\"]}]},{\"@type\":\"ImageObject\",\"inLanguage\":\"es\",\"@id\":\"https:\/\/alivialabs.com\/product\/omega-plus-3x\/#primaryimage\",\"url\":\"https:\/\/alivialabs.com\/wp-content\/uploads\/2021\/03\/OMEGA3X-PLUS.jpg\",\"contentUrl\":\"https:\/\/alivialabs.com\/wp-content\/uploads\/2021\/03\/OMEGA3X-PLUS.jpg\",\"width\":1080,\"height\":1080},{\"@type\":\"BreadcrumbList\",\"@id\":\"https:\/\/alivialabs.com\/product\/omega-plus-3x\/#breadcrumb\",\"itemListElement\":[{\"@type\":\"ListItem\",\"position\":1,\"name\":\"Home\",\"item\":\"https:\/\/alivialabs.com\/\"},{\"@type\":\"ListItem\",\"position\":2,\"name\":\"Shop\",\"item\":\"https:\/\/alivialabs.com\/es\/shop\/\"},{\"@type\":\"ListItem\",\"position\":3,\"name\":\"Omega Plus 3x\"}]},{\"@type\":\"WebSite\",\"@id\":\"https:\/\/alivialabs.com\/es\/#website\",\"url\":\"https:\/\/alivialabs.com\/es\/\",\"name\":\"Alivialabs\",\"description\":\"Productos naturales que te pueden ayudar a estar en salud, como tambi\u00e9n reforzarla para siempre tener la energ\u00eda y salud necesaria. Alivialabs, alivia tu mundo.\",\"potentialAction\":[{\"@type\":\"SearchAction\",\"target\":{\"@type\":\"EntryPoint\",\"urlTemplate\":\"https:\/\/alivialabs.com\/es\/?s={search_term_string}\"},\"query-input\":{\"@type\":\"PropertyValueSpecification\",\"valueRequired\":true,\"valueName\":\"search_term_string\"}}],\"inLanguage\":\"es\"}]}<\/script>\n<!-- \/ Yoast SEO Premium plugin. -->","yoast_head_json":{"title":"Omega Plus 3x - Alivialabs","robots":{"index":"index","follow":"follow","max-snippet":"max-snippet:-1","max-image-preview":"max-image-preview:large","max-video-preview":"max-video-preview:-1"},"canonical":"https:\/\/alivialabs.com\/es\/producto\/omega-plus-3x\/","og_locale":"es_ES","og_type":"article","og_title":"Omega Plus 3x","og_description":"Our supplement contains omega-3 fatty acids that serve to reduce cholesterol, but also to reduce triglycerides, hence its importance in terms of health. Omega-3 fatty acids are essential nutrients to keep the heart, brain, joints, bones, hair, skin, and a positive mood healthy.  The omega 3 supplement can help support age-related memory function. Some of the properties of this supplement are really beneficial for runners and athletes in general, as these fatty acids increase sports performance thanks to the increase in strength and aerobic performance produced by their consumption.  In addition, they are anti-inflammatory acids that improve oxygen metabolism, accelerate muscle recovery, and even improve endurance. Omega also serves as a means of transport to carry chemicals from one cell to another, keeps cells healthy, is essential to maintain a healthy nervous system, and produces energy effectively. Supplement Facts 60 servings per container  Serving Size: 1 Softgel  Amount Per Serving:  Calories = 10  Calories from fat = 10  Total Fat = 1.0 g l %DV = 2%  Polyunsaturated Fat = 0.5 g  Cholesterol = 0.0 g l %DV = 0%  Fish Oil = 1,000 mg  Typically contains: EPA (Eicosapentaenoic Aoid = 180 mg, DHA (Docosahexaenoic Acid) = 120 mg  \u2022 Daily Value (DV) are based on 2,000 calories diet.  ** Daily Value (DV) not established.  Other ingredient(s): Gelatin, Glycerin and purified water  Suggested Use: One softgel taken daily with meals as a dietary supplement, or as directed by a healthcare professional.  Caution: Do not exceed recommended dose. Pregnant or nursing mothers, children under the age of 18, and individuals with a known medical condition should consult a physician before using this or any dietary supplement.","og_url":"https:\/\/alivialabs.com\/es\/producto\/omega-plus-3x\/","og_site_name":"Alivialabs","article_modified_time":"2023-08-08T15:20:14+00:00","og_image":[{"width":1080,"height":1080,"url":"https:\/\/alivialabs.com\/wp-content\/uploads\/2021\/03\/OMEGA3X-PLUS.jpg","type":"image\/jpeg"}],"twitter_card":"summary_large_image","schema":{"@context":"https:\/\/schema.org","@graph":[{"@type":"WebPage","@id":"https:\/\/alivialabs.com\/product\/omega-plus-3x\/","url":"https:\/\/alivialabs.com\/product\/omega-plus-3x\/","name":"Omega Plus 3x - Alivialabs","isPartOf":{"@id":"https:\/\/alivialabs.com\/es\/#website"},"primaryImageOfPage":{"@id":"https:\/\/alivialabs.com\/product\/omega-plus-3x\/#primaryimage"},"image":{"@id":"https:\/\/alivialabs.com\/product\/omega-plus-3x\/#primaryimage"},"thumbnailUrl":"https:\/\/alivialabs.com\/wp-content\/uploads\/2021\/03\/OMEGA3X-PLUS.jpg","datePublished":"2021-03-05T23:57:24+00:00","dateModified":"2023-08-08T15:20:14+00:00","breadcrumb":{"@id":"https:\/\/alivialabs.com\/product\/omega-plus-3x\/#breadcrumb"},"inLanguage":"es","potentialAction":[{"@type":"ReadAction","target":["https:\/\/alivialabs.com\/product\/omega-plus-3x\/"]}]},{"@type":"ImageObject","inLanguage":"es","@id":"https:\/\/alivialabs.com\/product\/omega-plus-3x\/#primaryimage","url":"https:\/\/alivialabs.com\/wp-content\/uploads\/2021\/03\/OMEGA3X-PLUS.jpg","contentUrl":"https:\/\/alivialabs.com\/wp-content\/uploads\/2021\/03\/OMEGA3X-PLUS.jpg","width":1080,"height":1080},{"@type":"BreadcrumbList","@id":"https:\/\/alivialabs.com\/product\/omega-plus-3x\/#breadcrumb","itemListElement":[{"@type":"ListItem","position":1,"name":"Home","item":"https:\/\/alivialabs.com\/"},{"@type":"ListItem","position":2,"name":"Shop","item":"https:\/\/alivialabs.com\/es\/shop\/"},{"@type":"ListItem","position":3,"name":"Omega Plus 3x"}]},{"@type":"WebSite","@id":"https:\/\/alivialabs.com\/es\/#website","url":"https:\/\/alivialabs.com\/es\/","name":"Alivialabs","description":"Productos naturales que te pueden ayudar a estar en salud, como tambi\u00e9n reforzarla para siempre tener la energ\u00eda y salud necesaria. Alivialabs, alivia tu mundo.","potentialAction":[{"@type":"SearchAction","target":{"@type":"EntryPoint","urlTemplate":"https:\/\/alivialabs.com\/es\/?s={search_term_string}"},"query-input":{"@type":"PropertyValueSpecification","valueRequired":true,"valueName":"search_term_string"}}],"inLanguage":"es"}]}},"_links":{"self":[{"href":"https:\/\/alivialabs.com\/es\/wp-json\/wp\/v2\/product\/1580","targetHints":{"allow":["GET"]}}],"collection":[{"href":"https:\/\/alivialabs.com\/es\/wp-json\/wp\/v2\/product"}],"about":[{"href":"https:\/\/alivialabs.com\/es\/wp-json\/wp\/v2\/types\/product"}],"wp:featuredmedia":[{"embeddable":true,"href":"https:\/\/alivialabs.com\/es\/wp-json\/wp\/v2\/media\/4586"}],"wp:attachment":[{"href":"https:\/\/alivialabs.com\/es\/wp-json\/wp\/v2\/media?parent=1580"}],"wp:term":[{"taxonomy":"product_brand","embeddable":true,"href":"https:\/\/alivialabs.com\/es\/wp-json\/wp\/v2\/product_brand?post=1580"},{"taxonomy":"product_cat","embeddable":true,"href":"https:\/\/alivialabs.com\/es\/wp-json\/wp\/v2\/product_cat?post=1580"},{"taxonomy":"product_tag","embeddable":true,"href":"https:\/\/alivialabs.com\/es\/wp-json\/wp\/v2\/product_tag?post=1580"},{"taxonomy":"producto_tipo","embeddable":true,"href":"https:\/\/alivialabs.com\/es\/wp-json\/wp\/v2\/producto_tipo?post=1580"}],"curies":[{"name":"wp","href":"https:\/\/api.w.org\/{rel}","templated":true}]}}