{"id":1589,"date":"2021-03-05T19:10:24","date_gmt":"2021-03-06T00:10:24","guid":{"rendered":"https:\/\/alivialabs.com\/?post_type=product&#038;p=1589"},"modified":"2023-08-08T13:38:52","modified_gmt":"2023-08-08T17:38:52","slug":"biocollagen-ultra","status":"publish","type":"product","link":"https:\/\/alivialabs.com\/es\/product\/biocollagen-ultra\/","title":{"rendered":"Biocollagen Ultra"},"content":{"rendered":"","protected":false},"excerpt":{"rendered":"<p>El col\u00e1geno es una prote\u00edna importante para el organismo, ya que ayuda a la elasticidad, construcci\u00f3n y regeneraci\u00f3n de la piel, u\u00f1as, cabello, cart\u00edlagos, huesos, entre otros. Nuestro suplemento de col\u00e1geno puede apoyar a regularizar la producci\u00f3n de col\u00e1geno en su sistema, evitando el desgaste de las articulaciones, y especialmente del cart\u00edlago, que recubre y protege el hueso para prevenir el dolor y la inflamaci\u00f3n.<\/p>\n<p class=\"translation-block\">Las personas con una dosis mucho menor de prote\u00edna de col\u00e1geno tienden a tener huesos m\u00e1s d\u00e9biles, u\u00f1as quebradizas, cabello quebradizo y piel seca. Nuestro suplemento incluye los 5 tipos de col\u00e1geno hidrolizado, que a su vez pueden mejorar la salud de la piel joven, el cabello, las u\u00f1as, los huesos, los tendones, las articulaciones y la salud intestinal. Nuestro producto contiene p\u00e9ptidos de col\u00e1geno bovino, p\u00e9ptidos de col\u00e1geno de pollo hidrolizado, p\u00e9ptidos de col\u00e1geno marino hidrolizado puro, p\u00e9ptidos de col\u00e1geno de membrana de c\u00e1scara de huevo, p\u00e9ptidos de col\u00e1geno de estern\u00f3n aviar.<\/p>\n<p>El col\u00e1geno es como el pegamento que mantiene unido el cuerpo. Es la prote\u00edna m\u00e1s abundante y se puede encontrar en m\u00fasculos, piel, cart\u00edlagos, huesos y sangre. Esto convierte al biocol\u00e1geno en un complemento fundamental para tu salud interna y belleza externa.<\/p>\n<h3>DATOS DEL SUPLEMENTO<\/h3>\n<p><strong>Tama\u00f1o de la porci\u00f3n:<\/strong>\u00a02 c\u00e1psulas<\/p>\n<p><strong>Porciones por envase:<\/strong>\u00a030<\/p>\n<p><strong>Cantidad por porci\u00f3n:<\/strong><\/p>\n<p>Prima de col\u00e1geno = 1000 mg<\/p>\n<p>Complejo proteico<\/p>\n<p>P\u00e9ptidos de col\u00e1geno bovino, p\u00e9ptidos de col\u00e1geno de pollo hidrolizado, p\u00e9ptidos de col\u00e1geno marino hidrolizado puro, p\u00e9ptidos de col\u00e1geno de membrana de c\u00e1scara de huevo, p\u00e9ptidos de col\u00e1geno de estern\u00f3n aviar.<\/p>\n<p>** Valor diario (DV) no establecido<\/p>\n<p><strong>Otro (s) ingrediente (s):<\/strong> C\u00e1psulas de gelatina, estearato de magnesio<\/p>\n<p><strong>Contiene<\/strong> Huevo, Pescado<\/p>\n<p><strong>No contiene:<\/strong> mariscos, leche, nueces de \u00e1rbol, trigo, man\u00ed, soja.<\/p>\n<p><strong>Uso sugerido:<\/strong> Como suplemento diet\u00e9tico, tomar dos (2) c\u00e1psulas al d\u00eda con agua.<\/p>\n<p><strong>MANTENER FUERA DEL ALCANCE DE LOS NI\u00d1OS. NO UTILICE SI EL SELLO DE SEGURIDAD EST\u00c1 DA\u00d1ADO O FALTA. GUARDAR EN UN LUGAR FRESCO Y SECO.<\/strong><\/p>","protected":false},"featured_media":4606,"template":"","meta":{"_mi_skip_tracking":false},"product_brand":[],"product_cat":[70],"product_tag":[],"producto_tipo":[78],"class_list":{"0":"post-1589","1":"product","2":"type-product","3":"status-publish","4":"has-post-thumbnail","6":"product_cat-beauty","7":"producto_tipo-products","9":"first","10":"instock","11":"shipping-taxable","12":"purchasable","13":"product-type-simple"},"bundled_by":["1667"],"bundle_stock_status":"instock","bundle_stock_quantity":null,"bundle_virtual":false,"bundle_layout":"","bundle_add_to_cart_form_location":"","bundle_editable_in_cart":false,"bundle_sold_individually_context":"","bundle_item_grouping":"","bundle_min_size":"","bundle_max_size":"","bundle_price":[],"bundled_items":[],"bundle_sell_ids":[],"yoast_head":"<!-- This site is optimized with the Yoast SEO Premium plugin v21.1 (Yoast SEO v25.2) - https:\/\/yoast.com\/wordpress\/plugins\/seo\/ -->\n<title>Biocollagen Ultra - Alivialabs<\/title>\n<meta name=\"robots\" content=\"index, follow, max-snippet:-1, max-image-preview:large, max-video-preview:-1\" \/>\n<link rel=\"canonical\" href=\"https:\/\/alivialabs.com\/es\/producto\/biocollagen-ultra\/\" \/>\n<meta property=\"og:locale\" content=\"es_ES\" \/>\n<meta property=\"og:type\" content=\"article\" \/>\n<meta property=\"og:title\" content=\"Biocollagen Ultra\" \/>\n<meta property=\"og:description\" content=\"Collagen is an important protein for the body as it helps with the elasticity, construction, and regeneration of skin, nails, hair, cartilage, bones, among others. Our collagen supplement can help regulate the production of collagen in your system, preventing wear and tear on joints, especially on the cartilage, which covers and protects bones to prevent pain and inflammation.  Biocollagen rejuvenates and helps joints. People with much lower doses of collagen protein tend to have weaker bones, brittle nails, brittle hair, and dry skin. Our supplement includes the 5 types of hydrolyzed collagen, which in turn can help restore the health of youthful skin, hair, nails, bones, tendons, joints, and intestinal health. Our product contains Bovine Collagen Peptides, Hydrolyzed Chicken Collagen Peptides, Pure Hydrolyzed Marine Collagen Peptides, Eggshell Membrane Collagen Peptides, and Avian Sternum Collagen Peptides.  Collagen is like the glue that holds the body together. It is the most abundant protein and can be found in muscles, skin, cartilage, bones, and blood. This makes biocollagen a fundamental supplement for your internal health and external beauty. Supplement Facts Serving Size:\u00a02 Capsules  Servings Per Container:\u00a030  Amount Per Serving:  Premium Collagen = 1000 mg  Protein Complex  Bovine Collagen Peptides, Hydrolyzed Chicken Collagen Peptides, Pure Hydrolyzed Marine Collagen Peptides, Eggshell Membrane Collagen Peptides, Avian Sternum Collagen Peptides.  ** Daily Value (DV) not established  Other ingredient(s): Gelatin Capsules, Magnesium Stearate  Contains: Egg, Fish  Contains no added: Shellfish, Milk, Tree Nuts, Wheat, Peanuts, Soy.  Suggested use: As a dietary supplement, take two (2) capsules daily with water.  KEEP OUT OF REACH OF CHILDREN. DO NOT USE IF SAFETY SEAL IS DAMAGED OR MISSING. STORE IN A COOL, DRY PLACE.\" \/>\n<meta property=\"og:url\" content=\"https:\/\/alivialabs.com\/es\/producto\/biocollagen-ultra\/\" \/>\n<meta property=\"og:site_name\" content=\"Alivialabs\" \/>\n<meta property=\"article:modified_time\" content=\"2023-08-08T17:38:52+00:00\" \/>\n<meta property=\"og:image\" content=\"https:\/\/alivialabs.com\/wp-content\/uploads\/2021\/03\/BIO-COLLAGEN.jpg\" \/>\n\t<meta property=\"og:image:width\" content=\"1080\" \/>\n\t<meta property=\"og:image:height\" content=\"1080\" \/>\n\t<meta property=\"og:image:type\" content=\"image\/jpeg\" \/>\n<meta name=\"twitter:card\" content=\"summary_large_image\" \/>\n<script type=\"application\/ld+json\" class=\"yoast-schema-graph\">{\"@context\":\"https:\/\/schema.org\",\"@graph\":[{\"@type\":\"WebPage\",\"@id\":\"https:\/\/alivialabs.com\/product\/biocollagen-ultra\/\",\"url\":\"https:\/\/alivialabs.com\/product\/biocollagen-ultra\/\",\"name\":\"Biocollagen Ultra - Alivialabs\",\"isPartOf\":{\"@id\":\"https:\/\/alivialabs.com\/es\/#website\"},\"primaryImageOfPage\":{\"@id\":\"https:\/\/alivialabs.com\/product\/biocollagen-ultra\/#primaryimage\"},\"image\":{\"@id\":\"https:\/\/alivialabs.com\/product\/biocollagen-ultra\/#primaryimage\"},\"thumbnailUrl\":\"https:\/\/alivialabs.com\/wp-content\/uploads\/2021\/03\/BIO-COLLAGEN.jpg\",\"datePublished\":\"2021-03-06T00:10:24+00:00\",\"dateModified\":\"2023-08-08T17:38:52+00:00\",\"breadcrumb\":{\"@id\":\"https:\/\/alivialabs.com\/product\/biocollagen-ultra\/#breadcrumb\"},\"inLanguage\":\"es\",\"potentialAction\":[{\"@type\":\"ReadAction\",\"target\":[\"https:\/\/alivialabs.com\/product\/biocollagen-ultra\/\"]}]},{\"@type\":\"ImageObject\",\"inLanguage\":\"es\",\"@id\":\"https:\/\/alivialabs.com\/product\/biocollagen-ultra\/#primaryimage\",\"url\":\"https:\/\/alivialabs.com\/wp-content\/uploads\/2021\/03\/BIO-COLLAGEN.jpg\",\"contentUrl\":\"https:\/\/alivialabs.com\/wp-content\/uploads\/2021\/03\/BIO-COLLAGEN.jpg\",\"width\":1080,\"height\":1080},{\"@type\":\"BreadcrumbList\",\"@id\":\"https:\/\/alivialabs.com\/product\/biocollagen-ultra\/#breadcrumb\",\"itemListElement\":[{\"@type\":\"ListItem\",\"position\":1,\"name\":\"Home\",\"item\":\"https:\/\/alivialabs.com\/\"},{\"@type\":\"ListItem\",\"position\":2,\"name\":\"Shop\",\"item\":\"https:\/\/alivialabs.com\/es\/shop\/\"},{\"@type\":\"ListItem\",\"position\":3,\"name\":\"Biocollagen Ultra\"}]},{\"@type\":\"WebSite\",\"@id\":\"https:\/\/alivialabs.com\/es\/#website\",\"url\":\"https:\/\/alivialabs.com\/es\/\",\"name\":\"Alivialabs\",\"description\":\"Productos naturales que te pueden ayudar a estar en salud, como tambi\u00e9n reforzarla para siempre tener la energ\u00eda y salud necesaria. Alivialabs, alivia tu mundo.\",\"potentialAction\":[{\"@type\":\"SearchAction\",\"target\":{\"@type\":\"EntryPoint\",\"urlTemplate\":\"https:\/\/alivialabs.com\/es\/?s={search_term_string}\"},\"query-input\":{\"@type\":\"PropertyValueSpecification\",\"valueRequired\":true,\"valueName\":\"search_term_string\"}}],\"inLanguage\":\"es\"}]}<\/script>\n<!-- \/ Yoast SEO Premium plugin. -->","yoast_head_json":{"title":"Biocollagen Ultra - Alivialabs","robots":{"index":"index","follow":"follow","max-snippet":"max-snippet:-1","max-image-preview":"max-image-preview:large","max-video-preview":"max-video-preview:-1"},"canonical":"https:\/\/alivialabs.com\/es\/producto\/biocollagen-ultra\/","og_locale":"es_ES","og_type":"article","og_title":"Biocollagen Ultra","og_description":"Collagen is an important protein for the body as it helps with the elasticity, construction, and regeneration of skin, nails, hair, cartilage, bones, among others. Our collagen supplement can help regulate the production of collagen in your system, preventing wear and tear on joints, especially on the cartilage, which covers and protects bones to prevent pain and inflammation.  Biocollagen rejuvenates and helps joints. People with much lower doses of collagen protein tend to have weaker bones, brittle nails, brittle hair, and dry skin. Our supplement includes the 5 types of hydrolyzed collagen, which in turn can help restore the health of youthful skin, hair, nails, bones, tendons, joints, and intestinal health. Our product contains Bovine Collagen Peptides, Hydrolyzed Chicken Collagen Peptides, Pure Hydrolyzed Marine Collagen Peptides, Eggshell Membrane Collagen Peptides, and Avian Sternum Collagen Peptides.  Collagen is like the glue that holds the body together. It is the most abundant protein and can be found in muscles, skin, cartilage, bones, and blood. This makes biocollagen a fundamental supplement for your internal health and external beauty. Supplement Facts Serving Size:\u00a02 Capsules  Servings Per Container:\u00a030  Amount Per Serving:  Premium Collagen = 1000 mg  Protein Complex  Bovine Collagen Peptides, Hydrolyzed Chicken Collagen Peptides, Pure Hydrolyzed Marine Collagen Peptides, Eggshell Membrane Collagen Peptides, Avian Sternum Collagen Peptides.  ** Daily Value (DV) not established  Other ingredient(s): Gelatin Capsules, Magnesium Stearate  Contains: Egg, Fish  Contains no added: Shellfish, Milk, Tree Nuts, Wheat, Peanuts, Soy.  Suggested use: As a dietary supplement, take two (2) capsules daily with water.  KEEP OUT OF REACH OF CHILDREN. DO NOT USE IF SAFETY SEAL IS DAMAGED OR MISSING. STORE IN A COOL, DRY PLACE.","og_url":"https:\/\/alivialabs.com\/es\/producto\/biocollagen-ultra\/","og_site_name":"Alivialabs","article_modified_time":"2023-08-08T17:38:52+00:00","og_image":[{"width":1080,"height":1080,"url":"https:\/\/alivialabs.com\/wp-content\/uploads\/2021\/03\/BIO-COLLAGEN.jpg","type":"image\/jpeg"}],"twitter_card":"summary_large_image","schema":{"@context":"https:\/\/schema.org","@graph":[{"@type":"WebPage","@id":"https:\/\/alivialabs.com\/product\/biocollagen-ultra\/","url":"https:\/\/alivialabs.com\/product\/biocollagen-ultra\/","name":"Biocollagen Ultra - Alivialabs","isPartOf":{"@id":"https:\/\/alivialabs.com\/es\/#website"},"primaryImageOfPage":{"@id":"https:\/\/alivialabs.com\/product\/biocollagen-ultra\/#primaryimage"},"image":{"@id":"https:\/\/alivialabs.com\/product\/biocollagen-ultra\/#primaryimage"},"thumbnailUrl":"https:\/\/alivialabs.com\/wp-content\/uploads\/2021\/03\/BIO-COLLAGEN.jpg","datePublished":"2021-03-06T00:10:24+00:00","dateModified":"2023-08-08T17:38:52+00:00","breadcrumb":{"@id":"https:\/\/alivialabs.com\/product\/biocollagen-ultra\/#breadcrumb"},"inLanguage":"es","potentialAction":[{"@type":"ReadAction","target":["https:\/\/alivialabs.com\/product\/biocollagen-ultra\/"]}]},{"@type":"ImageObject","inLanguage":"es","@id":"https:\/\/alivialabs.com\/product\/biocollagen-ultra\/#primaryimage","url":"https:\/\/alivialabs.com\/wp-content\/uploads\/2021\/03\/BIO-COLLAGEN.jpg","contentUrl":"https:\/\/alivialabs.com\/wp-content\/uploads\/2021\/03\/BIO-COLLAGEN.jpg","width":1080,"height":1080},{"@type":"BreadcrumbList","@id":"https:\/\/alivialabs.com\/product\/biocollagen-ultra\/#breadcrumb","itemListElement":[{"@type":"ListItem","position":1,"name":"Home","item":"https:\/\/alivialabs.com\/"},{"@type":"ListItem","position":2,"name":"Shop","item":"https:\/\/alivialabs.com\/es\/shop\/"},{"@type":"ListItem","position":3,"name":"Biocollagen Ultra"}]},{"@type":"WebSite","@id":"https:\/\/alivialabs.com\/es\/#website","url":"https:\/\/alivialabs.com\/es\/","name":"Alivialabs","description":"Productos naturales que te pueden ayudar a estar en salud, como tambi\u00e9n reforzarla para siempre tener la energ\u00eda y salud necesaria. Alivialabs, alivia tu mundo.","potentialAction":[{"@type":"SearchAction","target":{"@type":"EntryPoint","urlTemplate":"https:\/\/alivialabs.com\/es\/?s={search_term_string}"},"query-input":{"@type":"PropertyValueSpecification","valueRequired":true,"valueName":"search_term_string"}}],"inLanguage":"es"}]}},"_links":{"self":[{"href":"https:\/\/alivialabs.com\/es\/wp-json\/wp\/v2\/product\/1589","targetHints":{"allow":["GET"]}}],"collection":[{"href":"https:\/\/alivialabs.com\/es\/wp-json\/wp\/v2\/product"}],"about":[{"href":"https:\/\/alivialabs.com\/es\/wp-json\/wp\/v2\/types\/product"}],"wp:featuredmedia":[{"embeddable":true,"href":"https:\/\/alivialabs.com\/es\/wp-json\/wp\/v2\/media\/4606"}],"wp:attachment":[{"href":"https:\/\/alivialabs.com\/es\/wp-json\/wp\/v2\/media?parent=1589"}],"wp:term":[{"taxonomy":"product_brand","embeddable":true,"href":"https:\/\/alivialabs.com\/es\/wp-json\/wp\/v2\/product_brand?post=1589"},{"taxonomy":"product_cat","embeddable":true,"href":"https:\/\/alivialabs.com\/es\/wp-json\/wp\/v2\/product_cat?post=1589"},{"taxonomy":"product_tag","embeddable":true,"href":"https:\/\/alivialabs.com\/es\/wp-json\/wp\/v2\/product_tag?post=1589"},{"taxonomy":"producto_tipo","embeddable":true,"href":"https:\/\/alivialabs.com\/es\/wp-json\/wp\/v2\/producto_tipo?post=1589"}],"curies":[{"name":"wp","href":"https:\/\/api.w.org\/{rel}","templated":true}]}}