{"id":1595,"date":"2021-03-05T19:22:43","date_gmt":"2021-03-06T00:22:43","guid":{"rendered":"https:\/\/alivialabs.com\/?post_type=product&#038;p=1595"},"modified":"2023-08-08T13:33:26","modified_gmt":"2023-08-08T17:33:26","slug":"colon-cleanser","status":"publish","type":"product","link":"https:\/\/alivialabs.com\/es\/product\/colon-cleanser\/","title":{"rendered":"Colon Cleanser"},"content":{"rendered":"","protected":false},"excerpt":{"rendered":"<p><span style=\"font-weight: 400;\"><strong>Colon cleanser<\/strong> es una mezcla desintoxicante interna natural de 8 hierbas, fibra y nutrientes que trabajan juntos para respaldar el proceso de limpieza normal de su cuerpo. Estas hierbas tienen un efecto de limpieza interna. Para una limpieza \u00f3ptima, use Colon Cleanser solo una vez cada 8 semanas. Esta combinaci\u00f3n patentada de hierbas, fibra y nutrientes \u00fanicos se unen para respaldar el proceso de limpieza natural del cuerpo, eliminando las toxinas del cuerpo.<\/span><\/p>\n<p><span style=\"font-weight: 400;\">Este suplemento contiene avena, hoja de alfalfa, psyllium, lactobacillus, ruibarbo, genciana, aloe vero, c\u00e1scara sagrada, sello dorado, espino amarillo y bentonita. Estos ingredientes pueden ayudar a mejorar la digesti\u00f3n, promueven el equilibrio de la flora normal del intestino, pueden proteger el cuerpo de enfermedades gastrointestinales, pueden reducir la inflamaci\u00f3n, el dolor, el estre\u00f1imiento y los intentos de prevenir el desarrollo de bacterias pat\u00f3genas.<\/span><\/p>\n<h3>DATOS DEL SUPLEMENTO<\/h3>\n<p><strong>Tama\u00f1o de la porci\u00f3n:<\/strong> 2 c\u00e1psulas<br \/>\n<strong>Porciones por envase<\/strong>: 60<\/p>\n<p><strong>Cantidad por porci\u00f3n:<\/strong><br \/>\nCalcio (como carbonato de calcio) = 200 mg l% DV = 20% Mezcla patentada = 500 mg<\/p>\n<p>Avena (semilla), alfalfa (hoja), psyllium (c\u00e1scara), Lactobacillus acidophilus, ruibarbo (ra\u00edz), genciana (ra\u00edz), aloe vera (hoja), c\u00e1scara sagrada (corteza), sello de oro (ra\u00edz), espino amarillo ( corteza), Bentonita.<\/p>\n<p>** Valor diario (DV) no establecido<\/p>\n<p><strong>Ingredientes inactivos:<\/strong> celulosa (c\u00e1psula vegetal), harina de arroz, estearato de magnesio (vegetal) y di\u00f3xido de silicio.<\/p>","protected":false},"featured_media":4603,"template":"","meta":{"_mi_skip_tracking":false},"product_brand":[],"product_cat":[73],"product_tag":[],"producto_tipo":[78],"class_list":{"0":"post-1595","1":"product","2":"type-product","3":"status-publish","4":"has-post-thumbnail","6":"product_cat-general-symptoms","7":"producto_tipo-products","9":"first","10":"instock","11":"shipping-taxable","12":"purchasable","13":"product-type-simple"},"bundled_by":["1659","1667"],"bundle_stock_status":"instock","bundle_stock_quantity":null,"bundle_virtual":false,"bundle_layout":"","bundle_add_to_cart_form_location":"","bundle_editable_in_cart":false,"bundle_sold_individually_context":"","bundle_item_grouping":"","bundle_min_size":"","bundle_max_size":"","bundle_price":[],"bundled_items":[],"bundle_sell_ids":[],"yoast_head":"<!-- This site is optimized with the Yoast SEO Premium plugin v21.1 (Yoast SEO v25.2) - https:\/\/yoast.com\/wordpress\/plugins\/seo\/ -->\n<title>Colon Cleanser - Alivialabs<\/title>\n<meta name=\"robots\" content=\"index, follow, max-snippet:-1, max-image-preview:large, max-video-preview:-1\" \/>\n<link rel=\"canonical\" href=\"https:\/\/alivialabs.com\/es\/producto\/colon-cleanser\/\" \/>\n<meta property=\"og:locale\" content=\"es_ES\" \/>\n<meta property=\"og:type\" content=\"article\" \/>\n<meta property=\"og:title\" content=\"Colon Cleanser\" \/>\n<meta property=\"og:description\" content=\"Colon cleanser is a natural internal detoxifying blend of 8 herbs, fiber, and nutrients that work together to support your body&#039;s normal cleansing process. These herbs have a powerful internal cleansing effect. For optimal cleansing, use colon cleanser only once every 8 weeks. This patented combination of unique herbs, fiber, and nutrients come together to support the body&#039;s natural cleansing process, eliminating toxins from the body.  This supplement contains oats, alfalfa leaf, psyllium, lactobacillus, rhubarb, gentian, aloe vera, cascara sagrada, golden seal, yellow dock, and bentonite. These ingredients may help improve digestion, promote normal intestinal flora balance, protect the body from gastrointestinal diseases, reduce inflammation, pain, constipation, and help prevent the development of pathogenic bacteria. Supplement Facts Serving Size: 2 Capsules Servings Per Container: 60  Amount Per Serving: Calcium (as Calcium Carbonate) = 200 mg l %DV = 20% Proprietary Blend = 500 mg  Oat (seed), Alfalfa (leaf), Psyllium (husk), Lactobacillus acidophilus, Rhubarb (root), Gentian (root), Aloe Vera (leaf), Cascara Sagrada (bark), Goldenseal (root), Buckthorn (bark), Bentonite.  ** Daily Value (DV) not established  Inactive ingredients: Cellulose (Vegetable Capsule), Rice Flour, Magnesium Stearate (Vegetable) and Silicon Dioxide.\" \/>\n<meta property=\"og:url\" content=\"https:\/\/alivialabs.com\/es\/producto\/colon-cleanser\/\" \/>\n<meta property=\"og:site_name\" content=\"Alivialabs\" \/>\n<meta property=\"article:modified_time\" content=\"2023-08-08T17:33:26+00:00\" \/>\n<meta property=\"og:image\" content=\"https:\/\/alivialabs.com\/wp-content\/uploads\/2021\/03\/COLON-CLEANSER.jpg\" \/>\n\t<meta property=\"og:image:width\" content=\"1080\" \/>\n\t<meta property=\"og:image:height\" content=\"1080\" \/>\n\t<meta property=\"og:image:type\" content=\"image\/jpeg\" \/>\n<meta name=\"twitter:card\" content=\"summary_large_image\" \/>\n<script type=\"application\/ld+json\" class=\"yoast-schema-graph\">{\"@context\":\"https:\/\/schema.org\",\"@graph\":[{\"@type\":\"WebPage\",\"@id\":\"https:\/\/alivialabs.com\/product\/colon-cleanser\/\",\"url\":\"https:\/\/alivialabs.com\/product\/colon-cleanser\/\",\"name\":\"Colon Cleanser - Alivialabs\",\"isPartOf\":{\"@id\":\"https:\/\/alivialabs.com\/es\/#website\"},\"primaryImageOfPage\":{\"@id\":\"https:\/\/alivialabs.com\/product\/colon-cleanser\/#primaryimage\"},\"image\":{\"@id\":\"https:\/\/alivialabs.com\/product\/colon-cleanser\/#primaryimage\"},\"thumbnailUrl\":\"https:\/\/alivialabs.com\/wp-content\/uploads\/2021\/03\/COLON-CLEANSER.jpg\",\"datePublished\":\"2021-03-06T00:22:43+00:00\",\"dateModified\":\"2023-08-08T17:33:26+00:00\",\"breadcrumb\":{\"@id\":\"https:\/\/alivialabs.com\/product\/colon-cleanser\/#breadcrumb\"},\"inLanguage\":\"es\",\"potentialAction\":[{\"@type\":\"ReadAction\",\"target\":[\"https:\/\/alivialabs.com\/product\/colon-cleanser\/\"]}]},{\"@type\":\"ImageObject\",\"inLanguage\":\"es\",\"@id\":\"https:\/\/alivialabs.com\/product\/colon-cleanser\/#primaryimage\",\"url\":\"https:\/\/alivialabs.com\/wp-content\/uploads\/2021\/03\/COLON-CLEANSER.jpg\",\"contentUrl\":\"https:\/\/alivialabs.com\/wp-content\/uploads\/2021\/03\/COLON-CLEANSER.jpg\",\"width\":1080,\"height\":1080},{\"@type\":\"BreadcrumbList\",\"@id\":\"https:\/\/alivialabs.com\/product\/colon-cleanser\/#breadcrumb\",\"itemListElement\":[{\"@type\":\"ListItem\",\"position\":1,\"name\":\"Home\",\"item\":\"https:\/\/alivialabs.com\/\"},{\"@type\":\"ListItem\",\"position\":2,\"name\":\"Shop\",\"item\":\"https:\/\/alivialabs.com\/es\/shop\/\"},{\"@type\":\"ListItem\",\"position\":3,\"name\":\"Colon Cleanser\"}]},{\"@type\":\"WebSite\",\"@id\":\"https:\/\/alivialabs.com\/es\/#website\",\"url\":\"https:\/\/alivialabs.com\/es\/\",\"name\":\"Alivialabs\",\"description\":\"Productos naturales que te pueden ayudar a estar en salud, como tambi\u00e9n reforzarla para siempre tener la energ\u00eda y salud necesaria. Alivialabs, alivia tu mundo.\",\"potentialAction\":[{\"@type\":\"SearchAction\",\"target\":{\"@type\":\"EntryPoint\",\"urlTemplate\":\"https:\/\/alivialabs.com\/es\/?s={search_term_string}\"},\"query-input\":{\"@type\":\"PropertyValueSpecification\",\"valueRequired\":true,\"valueName\":\"search_term_string\"}}],\"inLanguage\":\"es\"}]}<\/script>\n<!-- \/ Yoast SEO Premium plugin. -->","yoast_head_json":{"title":"Colon Cleanser - Alivialabs","robots":{"index":"index","follow":"follow","max-snippet":"max-snippet:-1","max-image-preview":"max-image-preview:large","max-video-preview":"max-video-preview:-1"},"canonical":"https:\/\/alivialabs.com\/es\/producto\/colon-cleanser\/","og_locale":"es_ES","og_type":"article","og_title":"Colon Cleanser","og_description":"Colon cleanser is a natural internal detoxifying blend of 8 herbs, fiber, and nutrients that work together to support your body's normal cleansing process. These herbs have a powerful internal cleansing effect. For optimal cleansing, use colon cleanser only once every 8 weeks. This patented combination of unique herbs, fiber, and nutrients come together to support the body's natural cleansing process, eliminating toxins from the body.  This supplement contains oats, alfalfa leaf, psyllium, lactobacillus, rhubarb, gentian, aloe vera, cascara sagrada, golden seal, yellow dock, and bentonite. These ingredients may help improve digestion, promote normal intestinal flora balance, protect the body from gastrointestinal diseases, reduce inflammation, pain, constipation, and help prevent the development of pathogenic bacteria. Supplement Facts Serving Size: 2 Capsules Servings Per Container: 60  Amount Per Serving: Calcium (as Calcium Carbonate) = 200 mg l %DV = 20% Proprietary Blend = 500 mg  Oat (seed), Alfalfa (leaf), Psyllium (husk), Lactobacillus acidophilus, Rhubarb (root), Gentian (root), Aloe Vera (leaf), Cascara Sagrada (bark), Goldenseal (root), Buckthorn (bark), Bentonite.  ** Daily Value (DV) not established  Inactive ingredients: Cellulose (Vegetable Capsule), Rice Flour, Magnesium Stearate (Vegetable) and Silicon Dioxide.","og_url":"https:\/\/alivialabs.com\/es\/producto\/colon-cleanser\/","og_site_name":"Alivialabs","article_modified_time":"2023-08-08T17:33:26+00:00","og_image":[{"width":1080,"height":1080,"url":"https:\/\/alivialabs.com\/wp-content\/uploads\/2021\/03\/COLON-CLEANSER.jpg","type":"image\/jpeg"}],"twitter_card":"summary_large_image","schema":{"@context":"https:\/\/schema.org","@graph":[{"@type":"WebPage","@id":"https:\/\/alivialabs.com\/product\/colon-cleanser\/","url":"https:\/\/alivialabs.com\/product\/colon-cleanser\/","name":"Colon Cleanser - Alivialabs","isPartOf":{"@id":"https:\/\/alivialabs.com\/es\/#website"},"primaryImageOfPage":{"@id":"https:\/\/alivialabs.com\/product\/colon-cleanser\/#primaryimage"},"image":{"@id":"https:\/\/alivialabs.com\/product\/colon-cleanser\/#primaryimage"},"thumbnailUrl":"https:\/\/alivialabs.com\/wp-content\/uploads\/2021\/03\/COLON-CLEANSER.jpg","datePublished":"2021-03-06T00:22:43+00:00","dateModified":"2023-08-08T17:33:26+00:00","breadcrumb":{"@id":"https:\/\/alivialabs.com\/product\/colon-cleanser\/#breadcrumb"},"inLanguage":"es","potentialAction":[{"@type":"ReadAction","target":["https:\/\/alivialabs.com\/product\/colon-cleanser\/"]}]},{"@type":"ImageObject","inLanguage":"es","@id":"https:\/\/alivialabs.com\/product\/colon-cleanser\/#primaryimage","url":"https:\/\/alivialabs.com\/wp-content\/uploads\/2021\/03\/COLON-CLEANSER.jpg","contentUrl":"https:\/\/alivialabs.com\/wp-content\/uploads\/2021\/03\/COLON-CLEANSER.jpg","width":1080,"height":1080},{"@type":"BreadcrumbList","@id":"https:\/\/alivialabs.com\/product\/colon-cleanser\/#breadcrumb","itemListElement":[{"@type":"ListItem","position":1,"name":"Home","item":"https:\/\/alivialabs.com\/"},{"@type":"ListItem","position":2,"name":"Shop","item":"https:\/\/alivialabs.com\/es\/shop\/"},{"@type":"ListItem","position":3,"name":"Colon Cleanser"}]},{"@type":"WebSite","@id":"https:\/\/alivialabs.com\/es\/#website","url":"https:\/\/alivialabs.com\/es\/","name":"Alivialabs","description":"Productos naturales que te pueden ayudar a estar en salud, como tambi\u00e9n reforzarla para siempre tener la energ\u00eda y salud necesaria. Alivialabs, alivia tu mundo.","potentialAction":[{"@type":"SearchAction","target":{"@type":"EntryPoint","urlTemplate":"https:\/\/alivialabs.com\/es\/?s={search_term_string}"},"query-input":{"@type":"PropertyValueSpecification","valueRequired":true,"valueName":"search_term_string"}}],"inLanguage":"es"}]}},"_links":{"self":[{"href":"https:\/\/alivialabs.com\/es\/wp-json\/wp\/v2\/product\/1595","targetHints":{"allow":["GET"]}}],"collection":[{"href":"https:\/\/alivialabs.com\/es\/wp-json\/wp\/v2\/product"}],"about":[{"href":"https:\/\/alivialabs.com\/es\/wp-json\/wp\/v2\/types\/product"}],"wp:featuredmedia":[{"embeddable":true,"href":"https:\/\/alivialabs.com\/es\/wp-json\/wp\/v2\/media\/4603"}],"wp:attachment":[{"href":"https:\/\/alivialabs.com\/es\/wp-json\/wp\/v2\/media?parent=1595"}],"wp:term":[{"taxonomy":"product_brand","embeddable":true,"href":"https:\/\/alivialabs.com\/es\/wp-json\/wp\/v2\/product_brand?post=1595"},{"taxonomy":"product_cat","embeddable":true,"href":"https:\/\/alivialabs.com\/es\/wp-json\/wp\/v2\/product_cat?post=1595"},{"taxonomy":"product_tag","embeddable":true,"href":"https:\/\/alivialabs.com\/es\/wp-json\/wp\/v2\/product_tag?post=1595"},{"taxonomy":"producto_tipo","embeddable":true,"href":"https:\/\/alivialabs.com\/es\/wp-json\/wp\/v2\/producto_tipo?post=1595"}],"curies":[{"name":"wp","href":"https:\/\/api.w.org\/{rel}","templated":true}]}}