{"id":1662,"date":"2021-03-05T21:07:58","date_gmt":"2021-03-05T21:07:58","guid":{"rendered":"https:\/\/alivialabs.com\/?post_type=product&#038;p=1662"},"modified":"2023-07-20T10:53:21","modified_gmt":"2023-07-20T14:53:21","slug":"immunity-defender-kit","status":"publish","type":"product","link":"https:\/\/alivialabs.com\/es\/product\/immunity-defender-kit\/","title":{"rendered":"Immunity Defender Kit"},"content":{"rendered":"","protected":false},"excerpt":{"rendered":"<p>Con este tratamiento recibir\u00e1s 1 Vitamina C + 1 Vitamina B6 + 1 Immuno Hack + 1 Vitamina E + 1 Zinc.<\/p>\n<p><strong>Vitamina C:<\/strong> contiene poderosas propiedades antioxidantes y ayuda a proteger contra el da\u00f1o causado por los radicales libres; Ayuda a mantener el sistema inmunol\u00f3gico y ayuda a que las articulaciones y las arterias se curen y funcionen correctamente.<\/p>\n<p><strong>Vitamina B6:<\/strong> es un nutriente esencial necesario para el metabolismo de l\u00edpidos, carbohidratos y prote\u00ednas. Tambi\u00e9n juega un papel importante en la regulaci\u00f3n de los niveles de homociste\u00edna en el cuerpo y en el fortalecimiento de las defensas naturales del cuerpo.<\/p>\n<p><strong>Vitamina E:<\/strong> esencial para apoyar la funci\u00f3n inmunol\u00f3gica, junto con la salud circulatoria y cardiovascular. La vitamina E es un poderoso antioxidante que combate los radicales libres en su cuerpo. Con una conveniente dosis de una sola c\u00e1psula blanda f\u00e1cil de tragar al d\u00eda, este suplemento de vitamina E tambi\u00e9n favorece la salud de la piel.<\/p>\n<p><strong>Zinc:<\/strong> es un mineral fundamental en la mejora del sistema inmunol\u00f3gico. Proporciona una excelente ayuda en la absorci\u00f3n de las vitaminas B, tambi\u00e9n interviene en la digesti\u00f3n, el metabolismo y es esencial en la formaci\u00f3n de col\u00e1geno en el organismo.<\/p>\n<p><strong>Immuno hack:<\/strong> es un complemento que contiene potentes vitaminas y enzimas que fortalecen las defensas de tu sistema inmunol\u00f3gico, luchando contra la gripe y las infecciones. Ayuda a prevenir el desarrollo de enfermedades y ayuda al organismo a reaccionar ante aquellas que ya se han manifestado. Immuno Hack es el guardi\u00e1n de tus defensas. Contiene vitamina C, B6, B3 y zinc.<\/p>","protected":false},"featured_media":1931,"template":"","meta":{"_mi_skip_tracking":false},"product_brand":[],"product_cat":[73],"product_tag":[],"producto_tipo":[77],"class_list":{"0":"post-1662","1":"product","2":"type-product","3":"status-publish","4":"has-post-thumbnail","6":"product_cat-general-symptoms","7":"producto_tipo-treatments","9":"first","10":"instock","11":"virtual","12":"purchasable","13":"product-type-bundle"},"bundled_by":[],"bundle_stock_status":"instock","bundle_stock_quantity":"","bundle_virtual":false,"bundle_layout":"default","bundle_add_to_cart_form_location":"default","bundle_editable_in_cart":false,"bundle_sold_individually_context":"product","bundle_item_grouping":"parent","bundle_min_size":"","bundle_max_size":"","bundle_price":{"price":{"min":{"incl_tax":"149.99","excl_tax":"149.99"},"max":{"incl_tax":"149.99","excl_tax":"149.99"}},"regular_price":{"min":{"incl_tax":"149.99","excl_tax":"149.99"},"max":{"incl_tax":"149.99","excl_tax":"149.99"}}},"bundled_items":[{"bundled_item_id":12,"product_id":1269,"menu_order":0,"quantity_min":1,"quantity_max":1,"quantity_default":1,"priced_individually":false,"shipped_individually":false,"override_title":false,"title":"","override_description":false,"description":"","optional":false,"hide_thumbnail":false,"discount":"","override_variations":false,"allowed_variations":[],"override_default_variation_attributes":false,"default_variation_attributes":[],"single_product_visibility":"visible","cart_visibility":"visible","order_visibility":"visible","single_product_price_visibility":"visible","cart_price_visibility":"visible","order_price_visibility":"visible","stock_status":"in_stock"},{"bundled_item_id":13,"product_id":1592,"menu_order":1,"quantity_min":1,"quantity_max":1,"quantity_default":1,"priced_individually":false,"shipped_individually":false,"override_title":false,"title":"","override_description":false,"description":"","optional":false,"hide_thumbnail":false,"discount":"","override_variations":false,"allowed_variations":[],"override_default_variation_attributes":false,"default_variation_attributes":[],"single_product_visibility":"visible","cart_visibility":"visible","order_visibility":"visible","single_product_price_visibility":"visible","cart_price_visibility":"visible","order_price_visibility":"visible","stock_status":"in_stock"},{"bundled_item_id":14,"product_id":1583,"menu_order":2,"quantity_min":1,"quantity_max":1,"quantity_default":1,"priced_individually":false,"shipped_individually":false,"override_title":false,"title":"","override_description":false,"description":"","optional":false,"hide_thumbnail":false,"discount":"","override_variations":false,"allowed_variations":[],"override_default_variation_attributes":false,"default_variation_attributes":[],"single_product_visibility":"visible","cart_visibility":"visible","order_visibility":"visible","single_product_price_visibility":"visible","cart_price_visibility":"visible","order_price_visibility":"visible","stock_status":"in_stock"},{"bundled_item_id":15,"product_id":1593,"menu_order":3,"quantity_min":1,"quantity_max":1,"quantity_default":1,"priced_individually":false,"shipped_individually":false,"override_title":false,"title":"","override_description":false,"description":"","optional":false,"hide_thumbnail":false,"discount":"","override_variations":false,"allowed_variations":[],"override_default_variation_attributes":false,"default_variation_attributes":[],"single_product_visibility":"visible","cart_visibility":"visible","order_visibility":"visible","single_product_price_visibility":"visible","cart_price_visibility":"visible","order_price_visibility":"visible","stock_status":"in_stock"},{"bundled_item_id":16,"product_id":1270,"menu_order":4,"quantity_min":1,"quantity_max":1,"quantity_default":1,"priced_individually":false,"shipped_individually":false,"override_title":false,"title":"","override_description":false,"description":"","optional":false,"hide_thumbnail":false,"discount":"","override_variations":false,"allowed_variations":[],"override_default_variation_attributes":false,"default_variation_attributes":[],"single_product_visibility":"visible","cart_visibility":"visible","order_visibility":"visible","single_product_price_visibility":"visible","cart_price_visibility":"visible","order_price_visibility":"visible","stock_status":"in_stock"}],"bundle_sell_ids":[],"yoast_head":"<!-- This site is optimized with the Yoast SEO Premium plugin v21.1 (Yoast SEO v25.2) - https:\/\/yoast.com\/wordpress\/plugins\/seo\/ -->\n<title>Immunity Defender Kit - Alivialabs<\/title>\n<meta name=\"robots\" content=\"index, follow, max-snippet:-1, max-image-preview:large, max-video-preview:-1\" \/>\n<link rel=\"canonical\" href=\"https:\/\/alivialabs.com\/es\/producto\/immunity-defender-kit\/\" \/>\n<meta property=\"og:locale\" content=\"es_ES\" \/>\n<meta property=\"og:type\" content=\"article\" \/>\n<meta property=\"og:title\" content=\"Immunity Defender Kit\" \/>\n<meta property=\"og:description\" content=\"With this treatment, you will receive 1 vitamin c + 1 vitamin b6 + 1 immuno hack + 1 vitamin e + 1 zinc.  Vitamin c: contains powerful antioxidant properties and helps protect against damage caused by free radicals; helps maintain the immune system and helps joints and arteries heal and function properly.  Vitamin b6: is an essential nutrient needed for the metabolism of lipids, carbohydrates, and proteins. It also plays an important role in regulating homocysteine levels in the body and strengthening the body&#039;s natural defenses.  Vitamin e: essential for supporting immune function, along with circulatory and cardiovascular health. Vitamin e is a powerful antioxidant that fights free radicals in your body. With a convenient once-a-day softgel capsule, this vitamin e supplement also promotes skin health.  Zinc: is a key mineral in improving the immune system. It provides excellent assistance in the absorption of b vitamins, also involved in digestion, metabolism, and essential in collagen formation in the body.  Immuno hack: is a supplement that contains powerful vitamins and enzymes that strengthen your immune system defenses, fighting against the flu and infections. It helps prevent the development of diseases and helps the body react to those that have already manifested. Immuno hack is the guardian of your defenses. It contains vitamin c, b6, b3, and zinc.\" \/>\n<meta property=\"og:url\" content=\"https:\/\/alivialabs.com\/es\/producto\/immunity-defender-kit\/\" \/>\n<meta property=\"og:site_name\" content=\"Alivialabs\" \/>\n<meta property=\"article:modified_time\" content=\"2023-07-20T14:53:21+00:00\" \/>\n<meta property=\"og:image\" content=\"https:\/\/alivialabs.com\/wp-content\/uploads\/2021\/03\/immunehack-1.png\" \/>\n\t<meta property=\"og:image:width\" content=\"600\" \/>\n\t<meta property=\"og:image:height\" content=\"600\" \/>\n\t<meta property=\"og:image:type\" content=\"image\/png\" \/>\n<meta name=\"twitter:card\" content=\"summary_large_image\" \/>\n<script type=\"application\/ld+json\" class=\"yoast-schema-graph\">{\"@context\":\"https:\/\/schema.org\",\"@graph\":[{\"@type\":\"WebPage\",\"@id\":\"https:\/\/alivialabs.com\/product\/immunity-defender-kit\/\",\"url\":\"https:\/\/alivialabs.com\/product\/immunity-defender-kit\/\",\"name\":\"Immunity Defender Kit - Alivialabs\",\"isPartOf\":{\"@id\":\"https:\/\/alivialabs.com\/es\/#website\"},\"primaryImageOfPage\":{\"@id\":\"https:\/\/alivialabs.com\/product\/immunity-defender-kit\/#primaryimage\"},\"image\":{\"@id\":\"https:\/\/alivialabs.com\/product\/immunity-defender-kit\/#primaryimage\"},\"thumbnailUrl\":\"https:\/\/alivialabs.com\/wp-content\/uploads\/2021\/03\/immunehack-1.png\",\"datePublished\":\"2021-03-05T21:07:58+00:00\",\"dateModified\":\"2023-07-20T14:53:21+00:00\",\"breadcrumb\":{\"@id\":\"https:\/\/alivialabs.com\/product\/immunity-defender-kit\/#breadcrumb\"},\"inLanguage\":\"es\",\"potentialAction\":[{\"@type\":\"ReadAction\",\"target\":[\"https:\/\/alivialabs.com\/product\/immunity-defender-kit\/\"]}]},{\"@type\":\"ImageObject\",\"inLanguage\":\"es\",\"@id\":\"https:\/\/alivialabs.com\/product\/immunity-defender-kit\/#primaryimage\",\"url\":\"https:\/\/alivialabs.com\/wp-content\/uploads\/2021\/03\/immunehack-1.png\",\"contentUrl\":\"https:\/\/alivialabs.com\/wp-content\/uploads\/2021\/03\/immunehack-1.png\",\"width\":600,\"height\":600},{\"@type\":\"BreadcrumbList\",\"@id\":\"https:\/\/alivialabs.com\/product\/immunity-defender-kit\/#breadcrumb\",\"itemListElement\":[{\"@type\":\"ListItem\",\"position\":1,\"name\":\"Home\",\"item\":\"https:\/\/alivialabs.com\/\"},{\"@type\":\"ListItem\",\"position\":2,\"name\":\"Shop\",\"item\":\"https:\/\/alivialabs.com\/es\/shop\/\"},{\"@type\":\"ListItem\",\"position\":3,\"name\":\"Immunity Defender Kit\"}]},{\"@type\":\"WebSite\",\"@id\":\"https:\/\/alivialabs.com\/es\/#website\",\"url\":\"https:\/\/alivialabs.com\/es\/\",\"name\":\"Alivialabs\",\"description\":\"Productos naturales que te pueden ayudar a estar en salud, como tambi\u00e9n reforzarla para siempre tener la energ\u00eda y salud necesaria. Alivialabs, alivia tu mundo.\",\"potentialAction\":[{\"@type\":\"SearchAction\",\"target\":{\"@type\":\"EntryPoint\",\"urlTemplate\":\"https:\/\/alivialabs.com\/es\/?s={search_term_string}\"},\"query-input\":{\"@type\":\"PropertyValueSpecification\",\"valueRequired\":true,\"valueName\":\"search_term_string\"}}],\"inLanguage\":\"es\"}]}<\/script>\n<!-- \/ Yoast SEO Premium plugin. -->","yoast_head_json":{"title":"Immunity Defender Kit - Alivialabs","robots":{"index":"index","follow":"follow","max-snippet":"max-snippet:-1","max-image-preview":"max-image-preview:large","max-video-preview":"max-video-preview:-1"},"canonical":"https:\/\/alivialabs.com\/es\/producto\/immunity-defender-kit\/","og_locale":"es_ES","og_type":"article","og_title":"Immunity Defender Kit","og_description":"With this treatment, you will receive 1 vitamin c + 1 vitamin b6 + 1 immuno hack + 1 vitamin e + 1 zinc.  Vitamin c: contains powerful antioxidant properties and helps protect against damage caused by free radicals; helps maintain the immune system and helps joints and arteries heal and function properly.  Vitamin b6: is an essential nutrient needed for the metabolism of lipids, carbohydrates, and proteins. It also plays an important role in regulating homocysteine levels in the body and strengthening the body's natural defenses.  Vitamin e: essential for supporting immune function, along with circulatory and cardiovascular health. Vitamin e is a powerful antioxidant that fights free radicals in your body. With a convenient once-a-day softgel capsule, this vitamin e supplement also promotes skin health.  Zinc: is a key mineral in improving the immune system. It provides excellent assistance in the absorption of b vitamins, also involved in digestion, metabolism, and essential in collagen formation in the body.  Immuno hack: is a supplement that contains powerful vitamins and enzymes that strengthen your immune system defenses, fighting against the flu and infections. It helps prevent the development of diseases and helps the body react to those that have already manifested. Immuno hack is the guardian of your defenses. It contains vitamin c, b6, b3, and zinc.","og_url":"https:\/\/alivialabs.com\/es\/producto\/immunity-defender-kit\/","og_site_name":"Alivialabs","article_modified_time":"2023-07-20T14:53:21+00:00","og_image":[{"width":600,"height":600,"url":"https:\/\/alivialabs.com\/wp-content\/uploads\/2021\/03\/immunehack-1.png","type":"image\/png"}],"twitter_card":"summary_large_image","schema":{"@context":"https:\/\/schema.org","@graph":[{"@type":"WebPage","@id":"https:\/\/alivialabs.com\/product\/immunity-defender-kit\/","url":"https:\/\/alivialabs.com\/product\/immunity-defender-kit\/","name":"Immunity Defender Kit - Alivialabs","isPartOf":{"@id":"https:\/\/alivialabs.com\/es\/#website"},"primaryImageOfPage":{"@id":"https:\/\/alivialabs.com\/product\/immunity-defender-kit\/#primaryimage"},"image":{"@id":"https:\/\/alivialabs.com\/product\/immunity-defender-kit\/#primaryimage"},"thumbnailUrl":"https:\/\/alivialabs.com\/wp-content\/uploads\/2021\/03\/immunehack-1.png","datePublished":"2021-03-05T21:07:58+00:00","dateModified":"2023-07-20T14:53:21+00:00","breadcrumb":{"@id":"https:\/\/alivialabs.com\/product\/immunity-defender-kit\/#breadcrumb"},"inLanguage":"es","potentialAction":[{"@type":"ReadAction","target":["https:\/\/alivialabs.com\/product\/immunity-defender-kit\/"]}]},{"@type":"ImageObject","inLanguage":"es","@id":"https:\/\/alivialabs.com\/product\/immunity-defender-kit\/#primaryimage","url":"https:\/\/alivialabs.com\/wp-content\/uploads\/2021\/03\/immunehack-1.png","contentUrl":"https:\/\/alivialabs.com\/wp-content\/uploads\/2021\/03\/immunehack-1.png","width":600,"height":600},{"@type":"BreadcrumbList","@id":"https:\/\/alivialabs.com\/product\/immunity-defender-kit\/#breadcrumb","itemListElement":[{"@type":"ListItem","position":1,"name":"Home","item":"https:\/\/alivialabs.com\/"},{"@type":"ListItem","position":2,"name":"Shop","item":"https:\/\/alivialabs.com\/es\/shop\/"},{"@type":"ListItem","position":3,"name":"Immunity Defender Kit"}]},{"@type":"WebSite","@id":"https:\/\/alivialabs.com\/es\/#website","url":"https:\/\/alivialabs.com\/es\/","name":"Alivialabs","description":"Productos naturales que te pueden ayudar a estar en salud, como tambi\u00e9n reforzarla para siempre tener la energ\u00eda y salud necesaria. Alivialabs, alivia tu mundo.","potentialAction":[{"@type":"SearchAction","target":{"@type":"EntryPoint","urlTemplate":"https:\/\/alivialabs.com\/es\/?s={search_term_string}"},"query-input":{"@type":"PropertyValueSpecification","valueRequired":true,"valueName":"search_term_string"}}],"inLanguage":"es"}]}},"_links":{"self":[{"href":"https:\/\/alivialabs.com\/es\/wp-json\/wp\/v2\/product\/1662","targetHints":{"allow":["GET"]}}],"collection":[{"href":"https:\/\/alivialabs.com\/es\/wp-json\/wp\/v2\/product"}],"about":[{"href":"https:\/\/alivialabs.com\/es\/wp-json\/wp\/v2\/types\/product"}],"wp:featuredmedia":[{"embeddable":true,"href":"https:\/\/alivialabs.com\/es\/wp-json\/wp\/v2\/media\/1931"}],"wp:attachment":[{"href":"https:\/\/alivialabs.com\/es\/wp-json\/wp\/v2\/media?parent=1662"}],"wp:term":[{"taxonomy":"product_brand","embeddable":true,"href":"https:\/\/alivialabs.com\/es\/wp-json\/wp\/v2\/product_brand?post=1662"},{"taxonomy":"product_cat","embeddable":true,"href":"https:\/\/alivialabs.com\/es\/wp-json\/wp\/v2\/product_cat?post=1662"},{"taxonomy":"product_tag","embeddable":true,"href":"https:\/\/alivialabs.com\/es\/wp-json\/wp\/v2\/product_tag?post=1662"},{"taxonomy":"producto_tipo","embeddable":true,"href":"https:\/\/alivialabs.com\/es\/wp-json\/wp\/v2\/producto_tipo?post=1662"}],"curies":[{"name":"wp","href":"https:\/\/api.w.org\/{rel}","templated":true}]}}